{"id":1353,"date":"2013-05-10T20:36:51","date_gmt":"2013-05-10T20:36:51","guid":{"rendered":"http:\/\/www.lydieshouse.com\/?page_id=1353"},"modified":"2013-09-29T22:21:35","modified_gmt":"2013-09-29T22:21:35","slug":"local-products","status":"publish","type":"page","link":"https:\/\/www.lydieshouse.com\/fr\/visit-provence\/gastronomy\/local-products\/","title":{"rendered":"Produits de r\u00e9gion"},"content":{"rendered":"<p><\/p>\n<h3>Le Jardin de Fr\u00e9d\u00e9ric<\/h3>\n<p>Mon magasin pr\u00e9f\u00e9r\u00e9 a \u00a0Barbentane.<\/p>\n<p>Fr\u00e9d\u00e9ric et son \u00e9quipe vous accueillent toujours avec le sourire et de bon conseils.<\/p>\n<p>Des fruits et l\u00e9gumes frais, locaux, bio mais aussi charcuteries, foie gras, miel&#8230;sans oublier un grand choix de fromages de ch\u00e8vre&#8230;ceux de la fromagerie de Barbentane sont d\u00e9licieux!<\/p>\n<h3><img loading=\"lazy\" decoding=\"async\" class=\"aligncenter\" title=\"Le Jardin de Fr\u00e9d\u00e9ric\" src=\"https:\/\/www.lydieshouse.com\/wp-content\/uploads\/2013\/05\/1-Fred-1024x381.jpg\" alt=\"\" width=\"590\" height=\"219\" \/><img loading=\"lazy\" decoding=\"async\" class=\"aligncenter\" title=\"Le Jardin de Fr\u00e9d\u00e9ric\" src=\"https:\/\/www.lydieshouse.com\/wp-content\/uploads\/2013\/05\/2-Fred-1024x381.jpg\" alt=\"\" width=\"590\" height=\"219\" \/><img loading=\"lazy\" decoding=\"async\" class=\"aligncenter\" title=\"Le Jardin de Fr\u00e9d\u00e9ric\" src=\"https:\/\/www.lydieshouse.com\/wp-content\/uploads\/2013\/05\/3-Fred-1024x381.jpg\" alt=\"\" width=\"590\" height=\"219\" \/><\/h3>\n<div><img loading=\"lazy\" decoding=\"async\" class=\"aligncenter\" title=\"Fromagerie-Barbentane\" src=\"https:\/\/www.lydieshouse.com\/wp-content\/uploads\/2013\/05\/Fromagerie-Barbentane1-300x295.jpg\" alt=\"\" width=\"300\" height=\"295\" \/><\/div>\n<p><\/p>","protected":false},"excerpt":{"rendered":"<p>Le Jardin de Fr\u00e9d\u00e9ric Mon magasin pr\u00e9f\u00e9r\u00e9 a \u00a0Barbentane. Fr\u00e9d\u00e9ric et son \u00e9quipe vous accueillent toujours avec le sourire et de bon conseils. Des fruits et l\u00e9gumes frais, locaux, bio mais aussi charcuteries, foie gras, miel&#8230;sans oublier un grand choix &hellip; <a href=\"https:\/\/www.lydieshouse.com\/fr\/visit-provence\/gastronomy\/local-products\/\">Continue reading <span class=\"meta-nav\">&rarr;<\/span><\/a><\/p>\n","protected":false},"author":1,"featured_media":0,"parent":1312,"menu_order":10,"comment_status":"closed","ping_status":"closed","template":"","meta":{"footnotes":""},"_links":{"self":[{"href":"https:\/\/www.lydieshouse.com\/fr\/wp-json\/wp\/v2\/pages\/1353"}],"collection":[{"href":"https:\/\/www.lydieshouse.com\/fr\/wp-json\/wp\/v2\/pages"}],"about":[{"href":"https:\/\/www.lydieshouse.com\/fr\/wp-json\/wp\/v2\/types\/page"}],"author":[{"embeddable":true,"href":"https:\/\/www.lydieshouse.com\/fr\/wp-json\/wp\/v2\/users\/1"}],"replies":[{"embeddable":true,"href":"https:\/\/www.lydieshouse.com\/fr\/wp-json\/wp\/v2\/comments?post=1353"}],"version-history":[{"count":20,"href":"https:\/\/www.lydieshouse.com\/fr\/wp-json\/wp\/v2\/pages\/1353\/revisions"}],"predecessor-version":[{"id":1686,"href":"https:\/\/www.lydieshouse.com\/fr\/wp-json\/wp\/v2\/pages\/1353\/revisions\/1686"}],"up":[{"embeddable":true,"href":"https:\/\/www.lydieshouse.com\/fr\/wp-json\/wp\/v2\/pages\/1312"}],"wp:attachment":[{"href":"https:\/\/www.lydieshouse.com\/fr\/wp-json\/wp\/v2\/media?parent=1353"}],"curies":[{"name":"wp","href":"https:\/\/api.w.org\/{rel}","templated":true}]}}