{"id":1357,"date":"2013-05-10T20:39:11","date_gmt":"2013-05-10T20:39:11","guid":{"rendered":"http:\/\/www.lydieshouse.com\/?page_id=1357"},"modified":"2014-03-04T00:32:27","modified_gmt":"2014-03-04T00:32:27","slug":"restaurants","status":"publish","type":"page","link":"https:\/\/www.lydieshouse.com\/fr\/visit-provence\/gastronomy\/restaurants\/","title":{"rendered":"Restaurants"},"content":{"rendered":"<p>Une s\u00e9lection de mes restaurants pr\u00e9f\u00e9r\u00e9s&#8230;une cuisine d\u00e9licieuse mais pas seulement !<\/p>\n<h3><strong>La Mirande\u00a0\u00e0 <\/strong><em>Avignon<\/em><\/h3>\n<p><strong><\/strong>4 place Amirande, Avignon<br \/>\n40\/90 euros<br \/>\nA lovely place, 18th century decoration, lovely garden<br \/>\n<a title=\"La Mirande restaurant\" href=\"http:\/\/www.la-mirande.fr\/#\/fr\/restaurant\/\" target=\"_blank\">http:\/\/www.la-mirande.fr\/#\/fr\/restaurant\/<\/a><\/p>\n<h3><strong>Christian Etienne (Michelin *)\u00a0\u00e0 <\/strong><em>Avignon<\/em><\/h3>\n<p>10 rue Mons, Avignon<br \/>\n35\/125 euros<br \/>\nA deux pas du \u00a0Palais des Papes<br \/>\n<a title=\"Christian Etienne restaurant\" href=\"http:\/\/www.christian-etienne.fr\/index.htm\" target=\"_blank\">http:\/\/www.christian-etienne.fr\/index.htm<\/a><\/p>\n<h3><strong>Le Prieure (Michelin *)\u00a0\u00e0 <\/strong><em>Villeneuve les Avignon<\/em><\/h3>\n<p>7 place Chapitre, Villeneuve les Avignon<br \/>\n39\/110 euros<br \/>\n<a title=\"Restaurant Le Prieure\" href=\"http:\/\/www.leprieure.com\/fr\/restaurant\/le-restaurant\" target=\"_blank\">http:\/\/www.leprieure.com\/fr\/restaurant\/le-restaurant<\/a><\/p>\n<h3><strong>La table des fines roches \u00e0\u00a0<\/strong><em>Ch\u00e2teauneuf du Pape<\/em><\/h3>\n<p>Route de Sorgues, Ch\u00e2teauneuf du Pape<br \/>\n24\/59 euros<br \/>\nAu Ch\u00e2teau des Fines Roche, des vins et des plats parfaits servis dans un lieu magique.<br \/>\n<a title=\"Restaurant La Table des Fines Roches\" href=\"http:\/\/www.chateaufinesroches.com\/fr\/#la-table-fines-roches.php\" target=\"_blank\">http:\/\/www.chateaufinesroches.com\/fr\/#la-table-fines-roches.php<\/a><\/p>\n<h3><strong>La Cabro d\u2019Or \u00e0 <\/strong><em>Les Baux de Provence<\/em><\/h3>\n<p>Baux de Provence<br \/>\n52\/117 euros<br \/>\n<a title=\"Restaurant La Cabro d'Or\" href=\"http:\/\/www.lacabrodor.com\/fr\/restaurant\/raffinement-d-une-table-chaleureuse\" target=\"_blank\">http:\/\/www.lacabrodor.com\/fr\/restaurant\/raffinement-d-une-table-chaleureuse<\/a><br \/>\nEt une vue magnifique :\u00a0<a title=\"Baux de Provence Panorama\" href=\"http:\/\/www.lacabrodor.com\/static\/panoramique\/en\/vue-360.html\" target=\"_blank\">http:\/\/www.lacabrodor.com\/static\/panoramique\/en\/vue-360.html<\/a><\/p>\n<h3><strong>La Pitchoune\u00a0\u00e0 <\/strong><em>Maussane<\/em><\/h3>\n<p>Mon restaurant pr\u00e9f\u00e9r\u00e9 quand je vais \u00e0 Maussane, les prix sont abordables et on se sert \u00e0 volont\u00e9 sur le plateau de fromages de ch\u00e8vres de la r\u00e9gion !<br \/>\n21 place de l\u2019\u00e9glise, Maussane<br \/>\n&lt; 20 euros<\/p>\n<h3><strong>Maison de la truffe et du vin du luberon\u00a0\u00e0 <\/strong><em>Menerbes<\/em><\/h3>\n<p>Place de l\u2019horloge, Menerbes<br \/>\n15 \/80 euros<br \/>\n<a title=\"Maison du vin et de la truffe\" href=\"http:\/\/www.vin-truffe-luberon.com\/content\/9-le-restaurant\" target=\"_blank\">http:\/\/www.vin-truffe-luberon.com\/content\/9-le-restaurant<\/a><\/p>\n<h3><strong>L\u2019Art\u00e9gal\u00a0\u00e0 <\/strong><em>Gordes<\/em><\/h3>\n<p>Place du Chateau, Gordes<br \/>\n16\/60 euros<\/p>\n<h3><strong>La Rom\u2019antique\u00a0\u00e0 <\/strong><em>Orange<\/em><\/h3>\n<p>Id\u00e9alement situ\u00e9 pr\u00e9s du Th\u00e9\u00e2tre Antique.<br \/>\n5 place Silvain, Orange<br \/>\n13\/43 euros<\/p>\n<h3>Pr\u00e9v\u00f4t\u00a0<strong>(Michelin *)\u00a0<\/strong><em>\u00e0 Cavaillon<\/em><\/h3>\n<p>353, avenue du Verdun, Cavaillon<br \/>\n26\/115 euros<br \/>\n<a href=\"http:\/\/www.restaurant-prevot.com\/fr\/les-menus\/6\/carte-blanche-petit-chef\/\" target=\"_blank\">http:\/\/www.restaurant-prevot.com\/fr\/les-menus\/6\/carte-blanche-petit-chef\/<\/a><\/p>\n<h3>Le Vivier\u00a0<strong>(Michelin *)\u00a0<\/strong><em>\u00e0 L&rsquo;Isle-sur-la-Sorgue<\/em><\/h3>\n<p>800 Cours Fernande Peyre, L&rsquo;Isle-sur-la-Sorgue<br \/>\n32 \/75 euros<br \/>\n<a href=\"http:\/\/levivier-restaurant.com\/\" target=\"_blank\">http:\/\/levivier-restaurant.com\/<\/a><\/p>\n<h3>La Chassagnette\u00a0<strong>(Michelin *)\u00a0<\/strong><em>\u00e0 Arles<\/em><\/h3>\n<p>Route du Sambuc, Arles<br \/>\n27 \/125 euros<br \/>\n<a href=\"http:\/\/www.chassagnette.fr\/\" target=\"_blank\">http:\/\/www.chassagnette.fr\/<\/a><\/p>","protected":false},"excerpt":{"rendered":"<p>Une s\u00e9lection de mes restaurants pr\u00e9f\u00e9r\u00e9s&#8230;une cuisine d\u00e9licieuse mais pas seulement ! La Mirande\u00a0\u00e0 Avignon 4 place Amirande, Avignon 40\/90 euros A lovely place, 18th century decoration, lovely garden http:\/\/www.la-mirande.fr\/#\/fr\/restaurant\/ Christian Etienne (Michelin *)\u00a0\u00e0 Avignon 10 rue Mons, Avignon 35\/125 &hellip; <a href=\"https:\/\/www.lydieshouse.com\/fr\/visit-provence\/gastronomy\/restaurants\/\">Continue reading <span class=\"meta-nav\">&rarr;<\/span><\/a><\/p>\n","protected":false},"author":1,"featured_media":0,"parent":1312,"menu_order":30,"comment_status":"closed","ping_status":"closed","template":"","meta":{"footnotes":""},"_links":{"self":[{"href":"https:\/\/www.lydieshouse.com\/fr\/wp-json\/wp\/v2\/pages\/1357"}],"collection":[{"href":"https:\/\/www.lydieshouse.com\/fr\/wp-json\/wp\/v2\/pages"}],"about":[{"href":"https:\/\/www.lydieshouse.com\/fr\/wp-json\/wp\/v2\/types\/page"}],"author":[{"embeddable":true,"href":"https:\/\/www.lydieshouse.com\/fr\/wp-json\/wp\/v2\/users\/1"}],"replies":[{"embeddable":true,"href":"https:\/\/www.lydieshouse.com\/fr\/wp-json\/wp\/v2\/comments?post=1357"}],"version-history":[{"count":27,"href":"https:\/\/www.lydieshouse.com\/fr\/wp-json\/wp\/v2\/pages\/1357\/revisions"}],"predecessor-version":[{"id":1647,"href":"https:\/\/www.lydieshouse.com\/fr\/wp-json\/wp\/v2\/pages\/1357\/revisions\/1647"}],"up":[{"embeddable":true,"href":"https:\/\/www.lydieshouse.com\/fr\/wp-json\/wp\/v2\/pages\/1312"}],"wp:attachment":[{"href":"https:\/\/www.lydieshouse.com\/fr\/wp-json\/wp\/v2\/media?parent=1357"}],"curies":[{"name":"wp","href":"https:\/\/api.w.org\/{rel}","templated":true}]}}