{"id":1431,"date":"2013-05-17T01:43:26","date_gmt":"2013-05-17T01:43:26","guid":{"rendered":"http:\/\/www.lydieshouse.com\/?page_id=1431"},"modified":"2014-01-13T00:05:55","modified_gmt":"2014-01-13T00:05:55","slug":"february","status":"publish","type":"page","link":"https:\/\/www.lydieshouse.com\/fr\/visit-provence\/events-calendar\/february\/","title":{"rendered":"F\u00e9vrier"},"content":{"rendered":"<p><strong><strong>MARCHE\u00a0PROVEN\u00c7AL<\/strong>, \u00a0Saint\u00a0R\u00e9my\u00a0de Provence<\/strong>, toute l&rsquo;ann\u00e9e, le mercredi matin\u00a0: un joli march\u00e9 proven\u00e7al, dans les rues : olives, fromages, fruits et l\u00e9gumes, saucissons, artisanats, v\u00eatements, etc.<\/p>\n<p><strong>MARCHE\u00a0PROVEN\u00c7AL, \u00a0Isle sur la Sorgue<\/strong>, toute l&rsquo;ann\u00e9e, le dimanche matin:\u00a0Le march\u00e9 Proven\u00e7al par excellence, dans la plupart des rues : olives, fromages, fruits et l\u00e9gumes, saucissons, artisanats, v\u00eatements, etc.<\/p>\n<p><strong>MARCHE AGRICOLE DE VELLERON<\/strong>, Velleron, Mardis Mercredis Samedi \u00e0 partir de 16h30 : \u00a0La meilleure production locale mara\u00eech\u00e8re et artisanale, pour les fin gourmets, directement du producteur au consommateur.\u00a0Le march\u00e9 agricole de Velleron est reconnu par le Conseil National des Arts Culinaires.<\/p>","protected":false},"excerpt":{"rendered":"<p>MARCHE\u00a0PROVEN\u00c7AL, \u00a0Saint\u00a0R\u00e9my\u00a0de Provence, toute l&rsquo;ann\u00e9e, le mercredi matin\u00a0: un joli march\u00e9 proven\u00e7al, dans les rues : olives, fromages, fruits et l\u00e9gumes, saucissons, artisanats, v\u00eatements, etc. MARCHE\u00a0PROVEN\u00c7AL, \u00a0Isle sur la Sorgue, toute l&rsquo;ann\u00e9e, le dimanche matin:\u00a0Le march\u00e9 Proven\u00e7al par excellence, dans &hellip; <a href=\"https:\/\/www.lydieshouse.com\/fr\/visit-provence\/events-calendar\/february\/\">Continue reading <span class=\"meta-nav\">&rarr;<\/span><\/a><\/p>\n","protected":false},"author":1,"featured_media":0,"parent":634,"menu_order":10,"comment_status":"closed","ping_status":"closed","template":"template-fullwidth.php","meta":{"footnotes":""},"_links":{"self":[{"href":"https:\/\/www.lydieshouse.com\/fr\/wp-json\/wp\/v2\/pages\/1431"}],"collection":[{"href":"https:\/\/www.lydieshouse.com\/fr\/wp-json\/wp\/v2\/pages"}],"about":[{"href":"https:\/\/www.lydieshouse.com\/fr\/wp-json\/wp\/v2\/types\/page"}],"author":[{"embeddable":true,"href":"https:\/\/www.lydieshouse.com\/fr\/wp-json\/wp\/v2\/users\/1"}],"replies":[{"embeddable":true,"href":"https:\/\/www.lydieshouse.com\/fr\/wp-json\/wp\/v2\/comments?post=1431"}],"version-history":[{"count":11,"href":"https:\/\/www.lydieshouse.com\/fr\/wp-json\/wp\/v2\/pages\/1431\/revisions"}],"predecessor-version":[{"id":1997,"href":"https:\/\/www.lydieshouse.com\/fr\/wp-json\/wp\/v2\/pages\/1431\/revisions\/1997"}],"up":[{"embeddable":true,"href":"https:\/\/www.lydieshouse.com\/fr\/wp-json\/wp\/v2\/pages\/634"}],"wp:attachment":[{"href":"https:\/\/www.lydieshouse.com\/fr\/wp-json\/wp\/v2\/media?parent=1431"}],"curies":[{"name":"wp","href":"https:\/\/api.w.org\/{rel}","templated":true}]}}