{"id":1489,"date":"2013-06-23T22:36:58","date_gmt":"2013-06-23T22:36:58","guid":{"rendered":"http:\/\/www.lydieshouse.com\/?page_id=1489"},"modified":"2014-03-29T01:23:45","modified_gmt":"2014-03-29T01:23:45","slug":"vineyards","status":"publish","type":"page","link":"https:\/\/www.lydieshouse.com\/fr\/visit-provence\/vineyards\/","title":{"rendered":"Vignobles"},"content":{"rendered":"<p><\/p>\n<h3><b>Quelques suggestions&#8230;<\/b><\/h3>\n<p><iframe loading=\"lazy\" src=\"https:\/\/mapsengine.google.com\/map\/u\/0\/embed?mid=z3LyffKyiSUk.kOpXN_d4_AQA\" height=\"500\" width=\"900\"><\/iframe><\/p>\n<h3><b>Ch\u00e2teauneuf du Pape<\/b><\/h3>\n<p>Mus\u00e9e des vignerons Brotte, Avenue Saint-Pierre de Luxembourg, 84230 Ch\u00e2teauneuf-du-Pape<\/p>\n<p>Cave Roger SABON, Avenue Imp\u00e9riale, 84230 Ch\u00e2teauneuf-du-Pape<\/p>\n<p>Domaine de Nalys, Route de Courth\u00e9zon, 84230 Ch\u00e2teauneuf-du-Pape<\/p>\n<p>Domaine de Beaurenard, 10 Avenue Saint-Pierre de Luxembourg, 84230 Ch\u00e2teauneuf-du-Pape<\/p>\n<h3><b>Les Baux de Provence<\/b><\/h3>\n<p>Ch\u00e2teau Romanin, Mas Romanin, 13210 Saint-R\u00e9my-de-Provence<\/p>\n<p>Domaine de Valdition, Route D&rsquo;Eygali\u00e8res Chemin de Valdition, 13660 Orgon<\/p>\n<p>Domaine de La Vallongue, Route d\u00e9partementale 24, 13810 Eygali\u00e8res<\/p>\n<p>Ch\u00e2teau d&rsquo;Estoublon, Route de Maussane D17, 13990 Fontvieille<\/p>\n<h3><b>Cairanne, Gigondas, Beaumes de Venise<\/b><\/h3>\n<p>Maison Camille Cayran, 84290 Cairanne<\/p>\n<p>Moulin de la Gardette, Place Gabrielle And\u00e9ol, 84190 Gigondas<\/p>\n<p>Domaine de Fenouillet, 123 All\u00e9e Saint Roch, 84190 Beaumes-de-Venise<\/p>\n<p>Domaine des Bernardins Earl Cave Castaud, 138 Avenue L\u00e9on Gambetta, 84190 Beaumes-de-Venise<\/p>\n<h3><b>M\u00e9nerbes<\/b><\/h3>\n<p>Domaine de la citadelle, 84560 M\u00e9nerbes<\/p>\n<p>Mus\u00e9e du tire-bouchon, 84560 M\u00e9nerbes<\/p>\n<p>Domaine de Marie Quartier La Verrerie, Route de Bonnieux, 84560 M\u00e9nerbes<\/p>\n<p>Maison de la Truffe et du vin, 1 Place Horloge, 84560 M\u00e9nerbes<\/p>\n<h3><b>Tavel<\/b><\/h3>\n<p>Domaine de la Mordor\u00e9e, 250 Chemin des Oliviers, 30126 Tavel<\/p>\n<h3><b>Costi\u00e8res de N\u00eemes<\/b><\/h3>\n<p>Mas des Tourelles, Route de Bellegarde, 30300 Beaucaire<\/p>\n<p>Ch\u00e2teau Mourgues du Gr\u00e8s, 1055 chemin des Mourgues du Gr\u00e8s, 30300 Beaucaire<\/p>\n<h3><b>Lourmarin<\/b><\/h3>\n<p>Ch\u00e2teau Fonvert, Chemin de Pierrouret, 84160 Lourmarin<\/p>\n<h3><b>Puget-sur-Durance<\/b><\/h3>\n<p>Ch\u00e2teau La Verrerie, Domaine Verrerie, 84360 Puget<\/p>","protected":false},"excerpt":{"rendered":"<p>Quelques suggestions&#8230; Ch\u00e2teauneuf du Pape Mus\u00e9e des vignerons Brotte, Avenue Saint-Pierre de Luxembourg, 84230 Ch\u00e2teauneuf-du-Pape Cave Roger SABON, Avenue Imp\u00e9riale, 84230 Ch\u00e2teauneuf-du-Pape Domaine de Nalys, Route de Courth\u00e9zon, 84230 Ch\u00e2teauneuf-du-Pape Domaine de Beaurenard, 10 Avenue Saint-Pierre de Luxembourg, 84230 Ch\u00e2teauneuf-du-Pape &hellip; <a href=\"https:\/\/www.lydieshouse.com\/fr\/visit-provence\/vineyards\/\">Continue reading <span class=\"meta-nav\">&rarr;<\/span><\/a><\/p>\n","protected":false},"author":1,"featured_media":0,"parent":235,"menu_order":15,"comment_status":"closed","ping_status":"closed","template":"","meta":{"footnotes":""},"_links":{"self":[{"href":"https:\/\/www.lydieshouse.com\/fr\/wp-json\/wp\/v2\/pages\/1489"}],"collection":[{"href":"https:\/\/www.lydieshouse.com\/fr\/wp-json\/wp\/v2\/pages"}],"about":[{"href":"https:\/\/www.lydieshouse.com\/fr\/wp-json\/wp\/v2\/types\/page"}],"author":[{"embeddable":true,"href":"https:\/\/www.lydieshouse.com\/fr\/wp-json\/wp\/v2\/users\/1"}],"replies":[{"embeddable":true,"href":"https:\/\/www.lydieshouse.com\/fr\/wp-json\/wp\/v2\/comments?post=1489"}],"version-history":[{"count":12,"href":"https:\/\/www.lydieshouse.com\/fr\/wp-json\/wp\/v2\/pages\/1489\/revisions"}],"predecessor-version":[{"id":2144,"href":"https:\/\/www.lydieshouse.com\/fr\/wp-json\/wp\/v2\/pages\/1489\/revisions\/2144"}],"up":[{"embeddable":true,"href":"https:\/\/www.lydieshouse.com\/fr\/wp-json\/wp\/v2\/pages\/235"}],"wp:attachment":[{"href":"https:\/\/www.lydieshouse.com\/fr\/wp-json\/wp\/v2\/media?parent=1489"}],"curies":[{"name":"wp","href":"https:\/\/api.w.org\/{rel}","templated":true}]}}