{"id":1498,"date":"2013-07-12T21:01:20","date_gmt":"2013-07-12T21:01:20","guid":{"rendered":"http:\/\/www.lydieshouse.com\/?page_id=1498"},"modified":"2014-04-21T17:20:50","modified_gmt":"2014-04-21T17:20:50","slug":"tips-from-guests","status":"publish","type":"page","link":"https:\/\/www.lydieshouse.com\/fr\/visit-provence\/tips-from-guests\/","title":{"rendered":"Bon plans des invit\u00e9s"},"content":{"rendered":"<p><\/p>\n<h3><strong>Mus\u00e9e de la Lavande <\/strong><em>\u00e0 Coustellet<\/em><\/h3>\n<p>Sur le route pour aller\u00a0\u00e0\u00a0Roussillon ou Gordes, un mus\u00e9e pour d\u00e9couvrir tout ce que vous avez toujours voulu savoir sur la Lavande et bien plus encore ( audio guides gratuits en\u00a0: Fran\u00e7ais, Anglais, Allemand, Italien, N\u00e9erlandais, Espagnol, Portugais, Russe et Chinois).<\/p>\n<p>Sans oublier une tr\u00e8s belle boutique\u00a0!<\/p>\n<p><a title=\"Mus\u00e9e de la lavande\" href=\"http:\/\/www.museedelalavande.com\/fr\/\" target=\"_blank\">http:\/\/www.museedelalavande.com\/fr\/<\/a><\/p>\n<h3><strong>Confiserie Clavel <\/strong><em>\u00e0 Carpentras<\/em><\/h3>\n<p>La Confiserie o\u00f9 acheter les fameux \u201cBerlingots de Carpentras\u201d confectionn\u00e9s \u00e0 Carpentras et bien d\u2019autres petits plaisirs.<\/p>\n<p>Sans oublier un grand choix d\u2019incroyables glaces artisanales.<\/p>\n<p>A ne pas manquer la coupe Mont Ventoux !<\/p>\n<p>Place Aristide Briand, Carpentras, en face de l\u2019Office de Tourisme.<\/p>\n<p>La Confiserie Clavel a \u00e9galement une boutique \u00e0 Fontaine de Vaucluse.<\/p>\n<p><a title=\"Berlingot de Carpentras\" href=\"http:\/\/fr.wikipedia.org\/wiki\/Berlingot_de_Carpentras\" target=\"_blank\">http:\/\/fr.wikipedia.org\/wiki\/Berlingot_de_Carpentras<\/a><\/p>\n<h3><strong>Confiserie Ceccon <\/strong><em>\u00e0 Apt<\/em><\/h3>\n<p>La Confiserie o\u00f9 acheter les fameux \u201cFruits confits d\u2019Apt\u201d.<\/p>\n<p>A combiner avec le march\u00e9 du Samedi matin.<\/p>\n<p>60 quai de la Libert\u00e9 \u00e0 Apt<\/p>\n<p><a title=\"Fruits confits Apt\" href=\"http:\/\/fr.wikipedia.org\/wiki\/Fruits_confits_d'Apt\" target=\"_blank\">http:\/\/fr.wikipedia.org\/wiki\/Fruits_confits_d&rsquo;Apt<\/a><\/p>\n<h3><strong>Maison Boyer<\/strong><em> \u00e0 Sault<\/em><\/h3>\n<p>Le temple du Nougat depuis 1887.<\/p>\n<p>Porte des Aires, Sault.<\/p>\n<p><a title=\"Maison Boyer\" href=\"http:\/\/www.nougat-boyer.fr\/\" target=\"_blank\">http:\/\/www.nougat-boyer.fr\/<\/a><\/p>\n<p><a title=\"Nougat\" href=\"http:\/\/fr.wikipedia.org\/wiki\/Nougat\" target=\"_blank\">http:\/\/fr.wikipedia.org\/wiki\/Nougat<\/a><\/p>\n<h3><em>Restaurant La Trinquette \u00e0 Gordes<\/em><\/h3>\n<p>Un d\u00e9licieux \u00a0Tartare, de bons menus pour les enfants et une vue magnifique si vous \u00eates assis en terrasse.<\/p>\n<p><a title=\"Restaurant La Trinquette, Gordes\" href=\"https:\/\/fr-fr.facebook.com\/LaTrinquette\" target=\"_blank\">https:\/\/fr-fr.facebook.com\/LaTrinquette<\/a><\/p>\n<h3><em>Restaurant Romarin \u00e0 Barbentane<\/em><\/h3>\n<p>Ce petit restaurant situ\u00e9 \u00e0 Barbentane propose un tr\u00e8s bon menu \u00e0 partir de 13 \u20ac<\/p>\n<p>Plus de d\u00e9tails et les photos des plats au menu sur le site web du restaurant :\u00a0<a href=\"http:\/\/romarins.e-monsite.com\/\" target=\"_blank\">http:\/\/romarins.e-monsite.com\/<\/a><\/p>","protected":false},"excerpt":{"rendered":"<p>Mus\u00e9e de la Lavande \u00e0 Coustellet Sur le route pour aller\u00a0\u00e0\u00a0Roussillon ou Gordes, un mus\u00e9e pour d\u00e9couvrir tout ce que vous avez toujours voulu savoir sur la Lavande et bien plus encore ( audio guides gratuits en\u00a0: Fran\u00e7ais, Anglais, Allemand, &hellip; <a href=\"https:\/\/www.lydieshouse.com\/fr\/visit-provence\/tips-from-guests\/\">Continue reading <span class=\"meta-nav\">&rarr;<\/span><\/a><\/p>\n","protected":false},"author":1,"featured_media":0,"parent":235,"menu_order":70,"comment_status":"closed","ping_status":"closed","template":"","meta":{"footnotes":""},"_links":{"self":[{"href":"https:\/\/www.lydieshouse.com\/fr\/wp-json\/wp\/v2\/pages\/1498"}],"collection":[{"href":"https:\/\/www.lydieshouse.com\/fr\/wp-json\/wp\/v2\/pages"}],"about":[{"href":"https:\/\/www.lydieshouse.com\/fr\/wp-json\/wp\/v2\/types\/page"}],"author":[{"embeddable":true,"href":"https:\/\/www.lydieshouse.com\/fr\/wp-json\/wp\/v2\/users\/1"}],"replies":[{"embeddable":true,"href":"https:\/\/www.lydieshouse.com\/fr\/wp-json\/wp\/v2\/comments?post=1498"}],"version-history":[{"count":14,"href":"https:\/\/www.lydieshouse.com\/fr\/wp-json\/wp\/v2\/pages\/1498\/revisions"}],"predecessor-version":[{"id":2197,"href":"https:\/\/www.lydieshouse.com\/fr\/wp-json\/wp\/v2\/pages\/1498\/revisions\/2197"}],"up":[{"embeddable":true,"href":"https:\/\/www.lydieshouse.com\/fr\/wp-json\/wp\/v2\/pages\/235"}],"wp:attachment":[{"href":"https:\/\/www.lydieshouse.com\/fr\/wp-json\/wp\/v2\/media?parent=1498"}],"curies":[{"name":"wp","href":"https:\/\/api.w.org\/{rel}","templated":true}]}}