{"id":1859,"date":"2014-01-05T02:55:09","date_gmt":"2014-01-05T02:55:09","guid":{"rendered":"http:\/\/www.lydieshouse.com\/?page_id=1859"},"modified":"2015-03-21T02:24:16","modified_gmt":"2015-03-21T02:24:16","slug":"may","status":"publish","type":"page","link":"https:\/\/www.lydieshouse.com\/fr\/visit-provence\/events-calendar\/may\/","title":{"rendered":"Mai"},"content":{"rendered":"<p><strong><strong>F\u00caTE DES GARDIANS, Arles<\/strong>, <\/strong>1 Mai 2015<\/p>\n<p><strong>LES GRANDS JEUX ROMAINS, N\u00eemes<\/strong>, 2-3 Mai 2015<\/p>\n<p><strong>FERIA DE PENTEC\u00d4TE, N\u00eemes<\/strong>, 20-25 Mai 2015<\/p>\n<p><strong>F\u00caTE DES GITANS, Saintes Maries de la Mer<\/strong>, 24-25 Mai 2015<\/p>\n<p><strong>CARRIERE DE LUMIERE, Michel-Ange, Leonard de Vinci, Raphael, Les\u00a0G\u00e9ants\u00a0de la Renaissance. Les Baux\u00a0de Provence,\u00a0<\/strong>\u00a06 Mars 2015 &#8211; 3 Janvier 2016 \u00a0(<a href=\"http:\/\/michelange-leonard-raphael.com\/fr\/home-michelange-leonard-raphael-fr\" target=\"_blank\">http:\/\/michelange-leonard-raphael.com\/fr\/home-michelange-leonard-raphael-fr<\/a>)<\/p>\n<p><strong>CARRIERE DE LUMIERE, Le Voyage Imaginaire, Hommage a Jules Verne. Les Baux de Provence,\u00a0<\/strong>\u00a06 Mars 2015 &#8211; 3 Janvier 2016 \u00a0(<a href=\"http:\/\/www.carrieres-lumieres.com\/fr\/evenements\/voyage-imaginaire\" target=\"_blank\">http:\/\/www.carrieres-lumieres.com\/fr\/evenements\/voyage-imaginaire<\/a>)<\/p>\n<p><strong style=\"line-height: 1.5em;\"><strong>MARCHE\u00a0PROVEN\u00c7AL<\/strong>, \u00a0Saint\u00a0R\u00e9my\u00a0de Provence<\/strong><span style=\"line-height: 1.5em;\">, toute l&rsquo;ann\u00e9e, le mercredi matin\u00a0: un joli march\u00e9 proven\u00e7al, dans les rues : olives, fromages, fruits et l\u00e9gumes, saucissons, artisanats, v\u00eatements, etc.<\/span><\/p>\n<p><strong>MARCHE\u00a0PROVEN\u00c7AL, \u00a0Isle sur la Sorgue<\/strong>, toute l&rsquo;ann\u00e9e, le dimanche matin:\u00a0Le march\u00e9 Proven\u00e7al par excellence, dans la plupart des rues : olives, fromages, fruits et l\u00e9gumes, saucissons, artisanats, v\u00eatements, etc.<\/p>\n<p><strong>MARCHE AGRICOLE DE VELLERON<\/strong>, Velleron, tous les jours sauf le dimanche \u00e0 partir de 18h00 : \u00a0La meilleure production locale mara\u00eech\u00e8re et artisanale, pour les fin gourmets, directement du producteur au consommateur.\u00a0Le march\u00e9 agricole de Velleron est reconnu par le Conseil National des Arts Culinaires.<\/p>","protected":false},"excerpt":{"rendered":"<p>F\u00caTE DES GARDIANS, Arles, 1 Mai 2015 LES GRANDS JEUX ROMAINS, N\u00eemes, 2-3 Mai 2015 FERIA DE PENTEC\u00d4TE, N\u00eemes, 20-25 Mai 2015 F\u00caTE DES GITANS, Saintes Maries de la Mer, 24-25 Mai 2015 CARRIERE DE LUMIERE, Michel-Ange, Leonard de Vinci, &hellip; <a href=\"https:\/\/www.lydieshouse.com\/fr\/visit-provence\/events-calendar\/may\/\">Continue reading <span class=\"meta-nav\">&rarr;<\/span><\/a><\/p>\n","protected":false},"author":1,"featured_media":0,"parent":634,"menu_order":25,"comment_status":"closed","ping_status":"closed","template":"template-fullwidth.php","meta":{"footnotes":""},"_links":{"self":[{"href":"https:\/\/www.lydieshouse.com\/fr\/wp-json\/wp\/v2\/pages\/1859"}],"collection":[{"href":"https:\/\/www.lydieshouse.com\/fr\/wp-json\/wp\/v2\/pages"}],"about":[{"href":"https:\/\/www.lydieshouse.com\/fr\/wp-json\/wp\/v2\/types\/page"}],"author":[{"embeddable":true,"href":"https:\/\/www.lydieshouse.com\/fr\/wp-json\/wp\/v2\/users\/1"}],"replies":[{"embeddable":true,"href":"https:\/\/www.lydieshouse.com\/fr\/wp-json\/wp\/v2\/comments?post=1859"}],"version-history":[{"count":14,"href":"https:\/\/www.lydieshouse.com\/fr\/wp-json\/wp\/v2\/pages\/1859\/revisions"}],"predecessor-version":[{"id":2697,"href":"https:\/\/www.lydieshouse.com\/fr\/wp-json\/wp\/v2\/pages\/1859\/revisions\/2697"}],"up":[{"embeddable":true,"href":"https:\/\/www.lydieshouse.com\/fr\/wp-json\/wp\/v2\/pages\/634"}],"wp:attachment":[{"href":"https:\/\/www.lydieshouse.com\/fr\/wp-json\/wp\/v2\/media?parent=1859"}],"curies":[{"name":"wp","href":"https:\/\/api.w.org\/{rel}","templated":true}]}}