{"id":1865,"date":"2014-01-07T01:45:53","date_gmt":"2014-01-07T01:45:53","guid":{"rendered":"http:\/\/www.lydieshouse.com\/?page_id=1865"},"modified":"2015-03-21T02:27:49","modified_gmt":"2015-03-21T02:27:49","slug":"july","status":"publish","type":"page","link":"https:\/\/www.lydieshouse.com\/fr\/visit-provence\/events-calendar\/july\/","title":{"rendered":"Juillet"},"content":{"rendered":"<p><strong>FESTIVAL D&rsquo;AVIGNON \u00a0 \u00a0<\/strong>4 -25 Juillet 2015 (<a href=\"http:\/\/www.festival-avignon.com\/fr\/\" target=\"_blank\">http:\/\/www.festival-avignon.com\/fr\/<\/a>)<\/p>\n<p><strong>CHOREGIES D&rsquo;ORANGE<\/strong>\u00a0 \u00a0 7 Juillet- 4 Ao\u00fbt 2015 (<a href=\"http:\/\/www.choregies.fr\/fr\/\" target=\"_blank\">http:\/\/www.choregies.fr\/fr\/<\/a>)<a href=\"http:\/\/www.choregies.fr\/en\/\" target=\"_blank\"><br \/>\n<\/a><\/p>\n<p><strong>VAISON DANSES<\/strong>\u00a0\u00a0 \u00a015 &#8211; 28 Juillet 2015 (<a href=\"http:\/\/www.vaison-danses.com\/fr\/index.php\" target=\"_blank\">http:\/\/www.vaison-danses.com\/fr\/index.php<\/a>)<\/p>\n<p><strong>LES RENCONTRES ARLES PHOTOGRAPHIE<\/strong>\u00a0 \u00a0 6 Juillet- 20 Septembre 2015 (<a href=\"http:\/\/www.rencontres-arles.com\/A11\/C.aspx?VP3=CMS3&amp;VF=ARL_782_VForm&amp;LANGSWI=1&amp;LANG=French\" target=\"_blank\">http:\/\/www.rencontres-arles.com\/A11\/C.aspx?VP3=CMS3&amp;VF=ARL_782_VForm&amp;LANGSWI=1&amp;LANG=French<\/a>)<\/p>\n<p><strong>FERIA DU CHEVAL<\/strong>\u00a0, Saintes Maries de la Mer,\u00a011 &#8211; 14 Juillet 2015<\/p>\n<p><strong>F\u00caTE DU COSTUME<\/strong>, Arles \u00a05 Juillet\u00a02015 \u00a0(<a href=\"http:\/\/www.comitedesfetes-arles.com\/la-fete-du-costume.html\" target=\"_blank\">http:\/\/www.comitedesfetes-arles.com\/la-fete-du-costume.html<\/a>)<\/p>\n<p><strong style=\"line-height: 1.5em;\">EQI CHEVAL LIBRE<\/strong><span style=\"line-height: 1.5em;\">, Lac de Monteux (Avignon) 9 Juillet &#8211; 30 Ao\u00fbt 2015, un nouveau spectacle \u00e9questre, musical, th\u00e9\u00e2tral et multim\u00e9dia : Exceptionnel !\u00a0<\/span><a style=\"line-height: 1.5em;\" href=\"http:\/\/www.eqi-le-show.com\/\" target=\"_blank\">http:\/\/www.eqi-le-show.com\/<\/a><\/p>\n<p><strong>CARRIERE DE LUMIERE, Michel-Ange, Leonard de Vinci, Raphael, Les\u00a0G\u00e9ants\u00a0de la Renaissance. Les Baux\u00a0de Provence,\u00a0<\/strong>\u00a06 Mars 2015 &#8211; 3 Janvier 2016 \u00a0(<a href=\"http:\/\/michelange-leonard-raphael.com\/fr\/home-michelange-leonard-raphael-fr\" target=\"_blank\">http:\/\/michelange-leonard-raphael.com\/fr\/home-michelange-leonard-raphael-fr<\/a>)<\/p>\n<p><strong>CARRIERE DE LUMIERE, Le Voyage Imaginaire, Hommage a Jules Verne. Les Baux de Provence,\u00a0<\/strong>\u00a06 Mars 2015 &#8211; 3 Janvier 2016 \u00a0(<a href=\"http:\/\/www.carrieres-lumieres.com\/fr\/evenements\/voyage-imaginaire\" target=\"_blank\">http:\/\/www.carrieres-lumieres.com\/fr\/evenements\/voyage-imaginaire<\/a>)<\/p>\n<p><strong style=\"line-height: 1.5em;\"><strong>MARCHE\u00a0PROVEN\u00c7AL<\/strong>, \u00a0Saint\u00a0R\u00e9my\u00a0de Provence<\/strong><span style=\"line-height: 1.5em;\">, toute l&rsquo;ann\u00e9e, le mercredi matin\u00a0: un joli march\u00e9 proven\u00e7al, dans les rues : olives, fromages, fruits et l\u00e9gumes, saucissons, artisanats, v\u00eatements, etc.<\/span><\/p>\n<p><strong>MARCHE\u00a0PROVEN\u00c7AL, \u00a0Isle sur la Sorgue<\/strong>, toute l&rsquo;ann\u00e9e, le dimanche matin:\u00a0Le march\u00e9 Proven\u00e7al par excellence, dans la plupart des rues : olives, fromages, fruits et l\u00e9gumes, saucissons, artisanats, v\u00eatements, etc.<\/p>\n<p><strong>MARCHE AGRICOLE DE VELLERON<\/strong>, Velleron, tous les jours sauf le dimanche \u00e0 partir de 18h00 : \u00a0La meilleure production locale mara\u00eech\u00e8re et artisanale, pour les fin gourmets, directement du producteur au consommateur.\u00a0Le march\u00e9 agricole de Velleron est reconnu par le Conseil National des Arts Culinaires.<\/p>\n<p><strong>\u00a0<\/strong><\/p>","protected":false},"excerpt":{"rendered":"<p>FESTIVAL D&rsquo;AVIGNON \u00a0 \u00a04 -25 Juillet 2015 (http:\/\/www.festival-avignon.com\/fr\/) CHOREGIES D&rsquo;ORANGE\u00a0 \u00a0 7 Juillet- 4 Ao\u00fbt 2015 (http:\/\/www.choregies.fr\/fr\/) VAISON DANSES\u00a0\u00a0 \u00a015 &#8211; 28 Juillet 2015 (http:\/\/www.vaison-danses.com\/fr\/index.php) LES RENCONTRES ARLES PHOTOGRAPHIE\u00a0 \u00a0 6 Juillet- 20 Septembre 2015 (http:\/\/www.rencontres-arles.com\/A11\/C.aspx?VP3=CMS3&amp;VF=ARL_782_VForm&amp;LANGSWI=1&amp;LANG=French) FERIA DU CHEVAL\u00a0, Saintes &hellip; <a href=\"https:\/\/www.lydieshouse.com\/fr\/visit-provence\/events-calendar\/july\/\">Continue reading <span class=\"meta-nav\">&rarr;<\/span><\/a><\/p>\n","protected":false},"author":1,"featured_media":0,"parent":634,"menu_order":35,"comment_status":"closed","ping_status":"closed","template":"template-fullwidth.php","meta":{"footnotes":""},"_links":{"self":[{"href":"https:\/\/www.lydieshouse.com\/fr\/wp-json\/wp\/v2\/pages\/1865"}],"collection":[{"href":"https:\/\/www.lydieshouse.com\/fr\/wp-json\/wp\/v2\/pages"}],"about":[{"href":"https:\/\/www.lydieshouse.com\/fr\/wp-json\/wp\/v2\/types\/page"}],"author":[{"embeddable":true,"href":"https:\/\/www.lydieshouse.com\/fr\/wp-json\/wp\/v2\/users\/1"}],"replies":[{"embeddable":true,"href":"https:\/\/www.lydieshouse.com\/fr\/wp-json\/wp\/v2\/comments?post=1865"}],"version-history":[{"count":26,"href":"https:\/\/www.lydieshouse.com\/fr\/wp-json\/wp\/v2\/pages\/1865\/revisions"}],"predecessor-version":[{"id":2699,"href":"https:\/\/www.lydieshouse.com\/fr\/wp-json\/wp\/v2\/pages\/1865\/revisions\/2699"}],"up":[{"embeddable":true,"href":"https:\/\/www.lydieshouse.com\/fr\/wp-json\/wp\/v2\/pages\/634"}],"wp:attachment":[{"href":"https:\/\/www.lydieshouse.com\/fr\/wp-json\/wp\/v2\/media?parent=1865"}],"curies":[{"name":"wp","href":"https:\/\/api.w.org\/{rel}","templated":true}]}}