{"id":280,"date":"2012-06-27T00:07:54","date_gmt":"2012-06-27T00:07:54","guid":{"rendered":"http:\/\/www.lydieshouse.com\/?page_id=280"},"modified":"2013-05-09T01:45:45","modified_gmt":"2013-05-09T01:45:45","slug":"barbentane","status":"publish","type":"page","link":"https:\/\/www.lydieshouse.com\/fr\/visit-provence\/beautiful-villages\/barbentane\/","title":{"rendered":"Barbentane"},"content":{"rendered":"<p><\/p>\n<p>Barbentane est situ\u00e9e sur la rive sud de la Durance et \u00e0 quelques kilom\u00e8tres a l\u2019est du Rh\u00f4ne. Au carrefour de trois d\u00e9partements, le village se distingue par sa tour perch\u00e9e haute de 28 m.\u00a0La tour Anglica est un vestige du ch\u00e2teau \u00e9piscopal autour duquel le village s\u2019est d\u00e9velopp\u00e9 autrefois.\u00a0A visiter\u00a0: \u00e9glise romane du 12<sup>e<\/sup> si\u00e8cle, le ch\u00e2teau de Barbentane (17<sup>e<\/sup> si\u00e8cle) propri\u00e9t\u00e9 du Marquis de Barbentane.\u00a0Autre site remarquable la Montagnette (point culminant) et ses multiples possibilit\u00e9s de promenades.<\/p>\n<p style=\"text-align: right;\"><a title=\"Barbentane_Wikipedia\" href=\"http:\/\/fr.wikipedia.org\/wiki\/Barbentane\" target=\"_blank\"><em>Barbentane sur Wikipedia<\/em><\/a><\/p>\n\n\t\t<style type=\"text\/css\">\n\t\t\t#gallery-2 {\n\t\t\t\tmargin: auto;\n\t\t\t}\n\t\t\t#gallery-2 .gallery-item {\n\t\t\t\tfloat: left;\n\t\t\t\tmargin-top: 10px;\n\t\t\t\ttext-align: center;\n\t\t\t\twidth: 20%;\n\t\t\t}\n\t\t\t#gallery-2 img {\n\t\t\t\tborder: 2px solid #cfcfcf;\n\t\t\t}\n\t\t\t#gallery-2 .gallery-caption {\n\t\t\t\tmargin-left: 0;\n\t\t\t}\n\t\t\t\/* see gallery_shortcode() in wp-includes\/media.php *\/\n\t\t<\/style>\n\t\t<div id='gallery-2' class='gallery galleryid-280 gallery-columns-5 gallery-size-thumbnail'><dl class='gallery-item'>\n\t\t\t<dt class='gallery-icon landscape'>\n\t\t\t\t<a href='https:\/\/www.lydieshouse.com\/fr\/visit-provence\/beautiful-villages\/barbentane\/barbentane_barbentane-anglica-medieval-tower-copy\/'><img loading=\"lazy\" decoding=\"async\" width=\"150\" height=\"150\" src=\"https:\/\/www.lydieshouse.com\/wp-content\/uploads\/2012\/06\/Barbentane_Barbentane-Anglica-medieval-tower-Copy-150x150.jpg\" class=\"attachment-thumbnail size-thumbnail\" alt=\"\" \/><\/a>\n\t\t\t<\/dt><\/dl><dl class='gallery-item'>\n\t\t\t<dt class='gallery-icon landscape'>\n\t\t\t\t<a href='https:\/\/www.lydieshouse.com\/fr\/visit-provence\/beautiful-villages\/barbentane\/barbentane_barbentane-bretoule-windmill-copy\/'><img loading=\"lazy\" decoding=\"async\" width=\"150\" height=\"150\" src=\"https:\/\/www.lydieshouse.com\/wp-content\/uploads\/2012\/06\/Barbentane_Barbentane-Bretoule-windmill-Copy-150x150.jpg\" class=\"attachment-thumbnail size-thumbnail\" alt=\"\" \/><\/a>\n\t\t\t<\/dt><\/dl><dl class='gallery-item'>\n\t\t\t<dt class='gallery-icon landscape'>\n\t\t\t\t<a href='https:\/\/www.lydieshouse.com\/fr\/visit-provence\/beautiful-villages\/barbentane\/barbentane_barbentane-sequier-gate-hist-mon-copy\/'><img loading=\"lazy\" decoding=\"async\" width=\"150\" height=\"150\" src=\"https:\/\/www.lydieshouse.com\/wp-content\/uploads\/2012\/06\/Barbentane_Barbentane-Sequier-Gate-Hist-Mon-Copy-150x150.jpg\" class=\"attachment-thumbnail size-thumbnail\" alt=\"\" \/><\/a>\n\t\t\t<\/dt><\/dl><dl class='gallery-item'>\n\t\t\t<dt class='gallery-icon landscape'>\n\t\t\t\t<a href='https:\/\/www.lydieshouse.com\/fr\/visit-provence\/beautiful-villages\/barbentane\/barbentane_porte-calendrale\/'><img loading=\"lazy\" decoding=\"async\" width=\"150\" height=\"150\" src=\"https:\/\/www.lydieshouse.com\/wp-content\/uploads\/2012\/11\/Barbentane_Porte-Calendrale-150x150.jpg\" class=\"attachment-thumbnail size-thumbnail\" alt=\"\" \/><\/a>\n\t\t\t<\/dt><\/dl><dl class='gallery-item'>\n\t\t\t<dt class='gallery-icon portrait'>\n\t\t\t\t<a href='https:\/\/www.lydieshouse.com\/fr\/visit-provence\/beautiful-villages\/barbentane\/barbentane_barbentane-anglica-church-hist-mon-copy\/'><img loading=\"lazy\" decoding=\"async\" width=\"150\" height=\"150\" src=\"https:\/\/www.lydieshouse.com\/wp-content\/uploads\/2012\/06\/Barbentane_Barbentane-Anglica-Church-Hist-Mon-Copy-150x150.jpg\" class=\"attachment-thumbnail size-thumbnail\" alt=\"\" \/><\/a>\n\t\t\t<\/dt><\/dl><br style=\"clear: both\" \/><dl class='gallery-item'>\n\t\t\t<dt class='gallery-icon landscape'>\n\t\t\t\t<a href='https:\/\/www.lydieshouse.com\/fr\/visit-provence\/beautiful-villages\/barbentane\/barbentane_barbentane-village-house-hist-mon-copy\/'><img loading=\"lazy\" decoding=\"async\" width=\"150\" height=\"150\" src=\"https:\/\/www.lydieshouse.com\/wp-content\/uploads\/2012\/06\/Barbentane_Barbentane-Village-house-Hist-Mon-Copy-150x150.jpg\" class=\"attachment-thumbnail size-thumbnail\" alt=\"\" \/><\/a>\n\t\t\t<\/dt><\/dl><dl class='gallery-item'>\n\t\t\t<dt class='gallery-icon portrait'>\n\t\t\t\t<a href='https:\/\/www.lydieshouse.com\/fr\/visit-provence\/beautiful-villages\/barbentane\/barbentane_mairie\/'><img loading=\"lazy\" decoding=\"async\" width=\"150\" height=\"150\" src=\"https:\/\/www.lydieshouse.com\/wp-content\/uploads\/2012\/11\/Barbentane_Mairie-150x150.jpg\" class=\"attachment-thumbnail size-thumbnail\" alt=\"\" \/><\/a>\n\t\t\t<\/dt><\/dl><dl class='gallery-item'>\n\t\t\t<dt class='gallery-icon landscape'>\n\t\t\t\t<a href='https:\/\/www.lydieshouse.com\/fr\/visit-provence\/beautiful-villages\/barbentane\/barbentane_village\/'><img loading=\"lazy\" decoding=\"async\" width=\"150\" height=\"150\" src=\"https:\/\/www.lydieshouse.com\/wp-content\/uploads\/2012\/11\/Barbentane_Village-150x150.jpg\" class=\"attachment-thumbnail size-thumbnail\" alt=\"\" \/><\/a>\n\t\t\t<\/dt><\/dl><dl class='gallery-item'>\n\t\t\t<dt class='gallery-icon landscape'>\n\t\t\t\t<a href='https:\/\/www.lydieshouse.com\/fr\/visit-provence\/beautiful-villages\/barbentane\/barbentane_chateau\/'><img loading=\"lazy\" decoding=\"async\" width=\"150\" height=\"150\" src=\"https:\/\/www.lydieshouse.com\/wp-content\/uploads\/2012\/11\/Barbentane_Chateau-150x150.jpg\" class=\"attachment-thumbnail size-thumbnail\" alt=\"\" \/><\/a>\n\t\t\t<\/dt><\/dl><dl class='gallery-item'>\n\t\t\t<dt class='gallery-icon landscape'>\n\t\t\t\t<a href='https:\/\/www.lydieshouse.com\/fr\/visit-provence\/beautiful-villages\/barbentane\/barbentane_chevaux\/'><img loading=\"lazy\" decoding=\"async\" width=\"150\" height=\"150\" src=\"https:\/\/www.lydieshouse.com\/wp-content\/uploads\/2012\/11\/Barbentane_Chevaux-150x150.jpg\" class=\"attachment-thumbnail size-thumbnail\" alt=\"\" \/><\/a>\n\t\t\t<\/dt><\/dl><br style=\"clear: both\" \/>\n\t\t<\/div>\n\n<p><\/p>","protected":false},"excerpt":{"rendered":"<p>Barbentane est situ\u00e9e sur la rive sud de la Durance et \u00e0 quelques kilom\u00e8tres a l\u2019est du Rh\u00f4ne. Au carrefour de trois d\u00e9partements, le village se distingue par sa tour perch\u00e9e haute de 28 m.\u00a0La tour Anglica est un vestige &hellip; <a href=\"https:\/\/www.lydieshouse.com\/fr\/visit-provence\/beautiful-villages\/barbentane\/\">Continue reading <span class=\"meta-nav\">&rarr;<\/span><\/a><\/p>\n","protected":false},"author":1,"featured_media":0,"parent":1276,"menu_order":20,"comment_status":"closed","ping_status":"closed","template":"template-fullwidth.php","meta":{"footnotes":""},"_links":{"self":[{"href":"https:\/\/www.lydieshouse.com\/fr\/wp-json\/wp\/v2\/pages\/280"}],"collection":[{"href":"https:\/\/www.lydieshouse.com\/fr\/wp-json\/wp\/v2\/pages"}],"about":[{"href":"https:\/\/www.lydieshouse.com\/fr\/wp-json\/wp\/v2\/types\/page"}],"author":[{"embeddable":true,"href":"https:\/\/www.lydieshouse.com\/fr\/wp-json\/wp\/v2\/users\/1"}],"replies":[{"embeddable":true,"href":"https:\/\/www.lydieshouse.com\/fr\/wp-json\/wp\/v2\/comments?post=280"}],"version-history":[{"count":34,"href":"https:\/\/www.lydieshouse.com\/fr\/wp-json\/wp\/v2\/pages\/280\/revisions"}],"predecessor-version":[{"id":1278,"href":"https:\/\/www.lydieshouse.com\/fr\/wp-json\/wp\/v2\/pages\/280\/revisions\/1278"}],"up":[{"embeddable":true,"href":"https:\/\/www.lydieshouse.com\/fr\/wp-json\/wp\/v2\/pages\/1276"}],"wp:attachment":[{"href":"https:\/\/www.lydieshouse.com\/fr\/wp-json\/wp\/v2\/media?parent=280"}],"curies":[{"name":"wp","href":"https:\/\/api.w.org\/{rel}","templated":true}]}}