{"id":284,"date":"2012-06-27T00:10:08","date_gmt":"2012-06-27T00:10:08","guid":{"rendered":"http:\/\/www.lydieshouse.com\/?page_id=284"},"modified":"2014-06-26T22:21:43","modified_gmt":"2014-06-26T22:21:43","slug":"saint-remy-de-provence","status":"publish","type":"page","link":"https:\/\/www.lydieshouse.com\/fr\/visit-provence\/beautiful-villages\/saint-remy-de-provence\/","title":{"rendered":"St R\u00e9my de Provence"},"content":{"rendered":"<p>17km \/ 22min<br \/>\n<img loading=\"lazy\" decoding=\"async\" class=\"alignleft  wp-image-2354\" alt=\"Saint-Remy\" src=\"https:\/\/www.lydieshouse.com\/wp-content\/uploads\/2012\/06\/Saint-Remy.jpg\" width=\"370\" height=\"417\" \/><\/p>\n<p>Situ\u00e9 au c\u0153ur des Alpilles, Saint R\u00e9my de Provence allie la chaleur proven\u00e7ale au sens de l\u2019art et \u00e0 la richesse du patrimoine architectural. Ville en permanence tourn\u00e9e vers les arts, elle a accueilli des hommes aussi illustres que\u00a0 Van Gogh ou Gounod et poss\u00e8de encore de nos jours une quantit\u00e9 impressionnante de galeries d\u2019art.<\/p>\n<p>Saint R\u00e9my de Provence, malgr\u00e9 sa c\u00e9l\u00e9brit\u00e9, a su pr\u00e9server un air de village proven\u00e7al avec ses ruelles bord\u00e9es de maisons moyen\u00e2geuse, les terrasses des caf\u00e9s, l\u2019ombre des tilleuls et un des plus beaux marches de Provence qui embaume la lavande, le thym et le romarin.<\/p>\n<p>Pr\u00e8s de Saint R\u00e9my de Provence, la cite antique de Glanum constitue de nos jours un des sites antiques majeurs du sud de la France.<\/p>\n<p style=\"text-align: right;\"><a title=\"Saint-Remy-de-Provence_Wikipedia\" href=\"http:\/\/fr.wikipedia.org\/wiki\/Saint-R%C3%A9my-de-Provence\" target=\"_blank\"><em>Saint R\u00e9my de Provence sur Wikipedia<\/em><\/a><\/p>\n<p><img loading=\"lazy\" decoding=\"async\" class=\"alignright  wp-image-2476\" alt=\"Saint-Remy_Marche\" src=\"https:\/\/www.lydieshouse.com\/wp-content\/uploads\/2012\/06\/Saint-Remy_Marche.jpg\" width=\"609\" height=\"348\" \/><\/p>","protected":false},"excerpt":{"rendered":"<p>17km \/ 22min Situ\u00e9 au c\u0153ur des Alpilles, Saint R\u00e9my de Provence allie la chaleur proven\u00e7ale au sens de l\u2019art et \u00e0 la richesse du patrimoine architectural. Ville en permanence tourn\u00e9e vers les arts, elle a accueilli des hommes aussi &hellip; <a href=\"https:\/\/www.lydieshouse.com\/fr\/visit-provence\/beautiful-villages\/saint-remy-de-provence\/\">Continue reading <span class=\"meta-nav\">&rarr;<\/span><\/a><\/p>\n","protected":false},"author":1,"featured_media":0,"parent":1276,"menu_order":180,"comment_status":"closed","ping_status":"closed","template":"template-fullwidth.php","meta":{"footnotes":""},"_links":{"self":[{"href":"https:\/\/www.lydieshouse.com\/fr\/wp-json\/wp\/v2\/pages\/284"}],"collection":[{"href":"https:\/\/www.lydieshouse.com\/fr\/wp-json\/wp\/v2\/pages"}],"about":[{"href":"https:\/\/www.lydieshouse.com\/fr\/wp-json\/wp\/v2\/types\/page"}],"author":[{"embeddable":true,"href":"https:\/\/www.lydieshouse.com\/fr\/wp-json\/wp\/v2\/users\/1"}],"replies":[{"embeddable":true,"href":"https:\/\/www.lydieshouse.com\/fr\/wp-json\/wp\/v2\/comments?post=284"}],"version-history":[{"count":24,"href":"https:\/\/www.lydieshouse.com\/fr\/wp-json\/wp\/v2\/pages\/284\/revisions"}],"predecessor-version":[{"id":2477,"href":"https:\/\/www.lydieshouse.com\/fr\/wp-json\/wp\/v2\/pages\/284\/revisions\/2477"}],"up":[{"embeddable":true,"href":"https:\/\/www.lydieshouse.com\/fr\/wp-json\/wp\/v2\/pages\/1276"}],"wp:attachment":[{"href":"https:\/\/www.lydieshouse.com\/fr\/wp-json\/wp\/v2\/media?parent=284"}],"curies":[{"name":"wp","href":"https:\/\/api.w.org\/{rel}","templated":true}]}}