{"id":291,"date":"2012-06-27T00:15:04","date_gmt":"2012-06-27T00:15:04","guid":{"rendered":"http:\/\/www.lydieshouse.com\/?page_id=291"},"modified":"2013-05-09T02:01:14","modified_gmt":"2013-05-09T02:01:14","slug":"tarascon","status":"publish","type":"page","link":"https:\/\/www.lydieshouse.com\/fr\/visit-provence\/beautiful-villages\/tarascon\/","title":{"rendered":"Tarascon"},"content":{"rendered":"<p><\/p>\n<p>16km \/20min<\/p>\n<p>La tradition enseigne que Sainte Marthe, venant de Palestine, d\u00e9barqua \u00e0 Tarascon et dompta la Tarasque, un terrible monstre qui vivait dans le Rh\u00f4ne. La coll\u00e9giale Royale Sainte Marthe, une des plus belles \u00e9glises de Provence, est construite en son honneur non loin du ch\u00e2teau du roi Ren\u00e9, comte de Provence et Duc d\u2019Anjou.<\/p>\n<p>Le ch\u00e2teau de Tarascon est exceptionnellement bien conserv\u00e9, c\u2019est l\u2019un des plus beaux ch\u00e2teaux m\u00e9di\u00e9vaux de France. Ce palais, commenc\u00e9 en 1400 par Louis II d\u2019Anjou et termin\u00e9 par son fils le roi Ren\u00e9, a de majestueuses allures f\u00e9odales.<\/p>\n<p>Tarascon inspira d\u2019autres contes, en particulier la c\u00e9l\u00e8bre histoire de Tartarin de Tarascon, illustre personnage n\u00e9 sous la plume d\u2019Alphonse Daudet en 1872.<\/p>\n<p style=\"text-align: right;\"><a title=\"Tarascon_Wikipedia\" href=\"http:\/\/fr.wikipedia.org\/wiki\/Tarascon_(Bouches-du-Rh%C3%B4ne)\" target=\"_blank\"><em>Tarascon sur Wikipedia<\/em><\/a><\/p>\n\n\t\t<style type=\"text\/css\">\n\t\t\t#gallery-2 {\n\t\t\t\tmargin: auto;\n\t\t\t}\n\t\t\t#gallery-2 .gallery-item {\n\t\t\t\tfloat: left;\n\t\t\t\tmargin-top: 10px;\n\t\t\t\ttext-align: center;\n\t\t\t\twidth: 20%;\n\t\t\t}\n\t\t\t#gallery-2 img {\n\t\t\t\tborder: 2px solid #cfcfcf;\n\t\t\t}\n\t\t\t#gallery-2 .gallery-caption {\n\t\t\t\tmargin-left: 0;\n\t\t\t}\n\t\t\t\/* see gallery_shortcode() in wp-includes\/media.php *\/\n\t\t<\/style>\n\t\t<div id='gallery-2' class='gallery galleryid-291 gallery-columns-5 gallery-size-thumbnail'><dl class='gallery-item'>\n\t\t\t<dt class='gallery-icon landscape'>\n\t\t\t\t<a href='https:\/\/www.lydieshouse.com\/fr\/visit-provence\/beautiful-villages\/tarascon\/barbentane_tarascon-castle-copy\/'><img loading=\"lazy\" decoding=\"async\" width=\"150\" height=\"150\" src=\"https:\/\/www.lydieshouse.com\/wp-content\/uploads\/2012\/06\/Barbentane_Tarascon-Castle-Copy-150x150.jpg\" class=\"attachment-thumbnail size-thumbnail\" alt=\"\" \/><\/a>\n\t\t\t<\/dt><\/dl><dl class='gallery-item'>\n\t\t\t<dt class='gallery-icon landscape'>\n\t\t\t\t<a href='https:\/\/www.lydieshouse.com\/fr\/visit-provence\/beautiful-villages\/tarascon\/barbentane_tarascon-church-copy\/'><img loading=\"lazy\" decoding=\"async\" width=\"150\" height=\"150\" src=\"https:\/\/www.lydieshouse.com\/wp-content\/uploads\/2012\/06\/Barbentane_Tarascon-church-Copy-150x150.jpg\" class=\"attachment-thumbnail size-thumbnail\" alt=\"\" \/><\/a>\n\t\t\t<\/dt><\/dl><dl class='gallery-item'>\n\t\t\t<dt class='gallery-icon landscape'>\n\t\t\t\t<a href='https:\/\/www.lydieshouse.com\/fr\/visit-provence\/beautiful-villages\/tarascon\/barbentane_tarascon-gates-copy\/'><img loading=\"lazy\" decoding=\"async\" width=\"150\" height=\"150\" src=\"https:\/\/www.lydieshouse.com\/wp-content\/uploads\/2012\/06\/Barbentane_Tarascon-Gates-Copy-150x150.jpg\" class=\"attachment-thumbnail size-thumbnail\" alt=\"\" \/><\/a>\n\t\t\t<\/dt><\/dl>\n\t\t\t<br style='clear: both' \/>\n\t\t<\/div>\n\n<p><\/p>","protected":false},"excerpt":{"rendered":"<p>16km \/20min La tradition enseigne que Sainte Marthe, venant de Palestine, d\u00e9barqua \u00e0 Tarascon et dompta la Tarasque, un terrible monstre qui vivait dans le Rh\u00f4ne. La coll\u00e9giale Royale Sainte Marthe, une des plus belles \u00e9glises de Provence, est construite &hellip; <a href=\"https:\/\/www.lydieshouse.com\/fr\/visit-provence\/beautiful-villages\/tarascon\/\">Continue reading <span class=\"meta-nav\">&rarr;<\/span><\/a><\/p>\n","protected":false},"author":1,"featured_media":0,"parent":1276,"menu_order":200,"comment_status":"closed","ping_status":"closed","template":"template-fullwidth.php","meta":{"footnotes":""},"_links":{"self":[{"href":"https:\/\/www.lydieshouse.com\/fr\/wp-json\/wp\/v2\/pages\/291"}],"collection":[{"href":"https:\/\/www.lydieshouse.com\/fr\/wp-json\/wp\/v2\/pages"}],"about":[{"href":"https:\/\/www.lydieshouse.com\/fr\/wp-json\/wp\/v2\/types\/page"}],"author":[{"embeddable":true,"href":"https:\/\/www.lydieshouse.com\/fr\/wp-json\/wp\/v2\/users\/1"}],"replies":[{"embeddable":true,"href":"https:\/\/www.lydieshouse.com\/fr\/wp-json\/wp\/v2\/comments?post=291"}],"version-history":[{"count":16,"href":"https:\/\/www.lydieshouse.com\/fr\/wp-json\/wp\/v2\/pages\/291\/revisions"}],"predecessor-version":[{"id":1296,"href":"https:\/\/www.lydieshouse.com\/fr\/wp-json\/wp\/v2\/pages\/291\/revisions\/1296"}],"up":[{"embeddable":true,"href":"https:\/\/www.lydieshouse.com\/fr\/wp-json\/wp\/v2\/pages\/1276"}],"wp:attachment":[{"href":"https:\/\/www.lydieshouse.com\/fr\/wp-json\/wp\/v2\/media?parent=291"}],"curies":[{"name":"wp","href":"https:\/\/api.w.org\/{rel}","templated":true}]}}