{"id":301,"date":"2012-06-27T00:16:53","date_gmt":"2012-06-27T00:16:53","guid":{"rendered":"http:\/\/www.lydieshouse.com\/?page_id=301"},"modified":"2013-05-09T02:09:02","modified_gmt":"2013-05-09T02:09:02","slug":"montmajour-abbey","status":"publish","type":"page","link":"https:\/\/www.lydieshouse.com\/fr\/visit-provence\/unesco\/montmajour-abbey\/","title":{"rendered":"Abbaye de Montmajour"},"content":{"rendered":"<p><\/p>\n<p><a href=\"https:\/\/www.lydieshouse.com\/wp-content\/uploads\/2012\/06\/Barbentane_Montmajour-abbey-Copy.jpg\"><img loading=\"lazy\" decoding=\"async\" class=\"alignleft size-full wp-image-557\" title=\"Montmajour abbey \" src=\"https:\/\/www.lydieshouse.com\/wp-content\/uploads\/2012\/06\/Barbentane_Montmajour-abbey-Copy.jpg\" alt=\"\" width=\"640\" height=\"480\" srcset=\"https:\/\/www.lydieshouse.com\/wp-content\/uploads\/2012\/06\/Barbentane_Montmajour-abbey-Copy.jpg 640w, https:\/\/www.lydieshouse.com\/wp-content\/uploads\/2012\/06\/Barbentane_Montmajour-abbey-Copy-300x225.jpg 300w\" sizes=\"(max-width: 640px) 100vw, 640px\" \/><\/a>28km \/ 31min<\/p>\n<p>Class\u00e9e au patrimoine mondial de l\u2019UNESCO, l\u2019abbaye de Montmajour est une prouesse architecturale, l\u2019abbaye combinant les styles romans, gothiques et classiques. L\u2019abbaye est en fait constitu\u00e9e de deux ensembles monastiques.<\/p>\n<p>Le monast\u00e8re de Saint-Pierre (10<sup>e<\/sup> au 15<sup>e<\/sup> si\u00e8cle). Nombre de ses b\u00e2timents subsistent encore\u00a0: l\u2019ermitage Saint-Pierre (10<sup>e<\/sup> et 11<sup>e<\/sup> si\u00e8cles), la n\u00e9cropole rupestre, la chapelle fun\u00e9raire Sainte-Croix (12<sup>e<\/sup> si\u00e8cle), la crypte v\u00e9ritable \u00e9glise basse dont le plan est unique en Provence, l\u2019\u00e9glise haute (12<sup>e<\/sup> si\u00e8cle).<\/p>\n<p>Le monast\u00e8re Saint-Maur (1703-1736), lieu de vie de la communaut\u00e9 b\u00e9n\u00e9dictine reform\u00e9e de Saint-Maur, install\u00e9e \u00e0 Montmajour en 1639.<\/p>\n<p style=\"text-align: right;\"><a title=\"Abbaye_de_Montmajour_Wikipedia\" href=\"http:\/\/fr.wikipedia.org\/wiki\/Abbaye_de_Montmajour\" target=\"_blank\"><em>Abbaye de Montmajour sur Wikipedia<\/em><\/a><\/p>\n<p><\/p>","protected":false},"excerpt":{"rendered":"<p>28km \/ 31min Class\u00e9e au patrimoine mondial de l\u2019UNESCO, l\u2019abbaye de Montmajour est une prouesse architecturale, l\u2019abbaye combinant les styles romans, gothiques et classiques. L\u2019abbaye est en fait constitu\u00e9e de deux ensembles monastiques. Le monast\u00e8re de Saint-Pierre (10e au 15e &hellip; <a href=\"https:\/\/www.lydieshouse.com\/fr\/visit-provence\/unesco\/montmajour-abbey\/\">Continue reading <span class=\"meta-nav\">&rarr;<\/span><\/a><\/p>\n","protected":false},"author":1,"featured_media":0,"parent":1301,"menu_order":140,"comment_status":"closed","ping_status":"closed","template":"template-fullwidth.php","meta":{"footnotes":""},"_links":{"self":[{"href":"https:\/\/www.lydieshouse.com\/fr\/wp-json\/wp\/v2\/pages\/301"}],"collection":[{"href":"https:\/\/www.lydieshouse.com\/fr\/wp-json\/wp\/v2\/pages"}],"about":[{"href":"https:\/\/www.lydieshouse.com\/fr\/wp-json\/wp\/v2\/types\/page"}],"author":[{"embeddable":true,"href":"https:\/\/www.lydieshouse.com\/fr\/wp-json\/wp\/v2\/users\/1"}],"replies":[{"embeddable":true,"href":"https:\/\/www.lydieshouse.com\/fr\/wp-json\/wp\/v2\/comments?post=301"}],"version-history":[{"count":13,"href":"https:\/\/www.lydieshouse.com\/fr\/wp-json\/wp\/v2\/pages\/301\/revisions"}],"predecessor-version":[{"id":1303,"href":"https:\/\/www.lydieshouse.com\/fr\/wp-json\/wp\/v2\/pages\/301\/revisions\/1303"}],"up":[{"embeddable":true,"href":"https:\/\/www.lydieshouse.com\/fr\/wp-json\/wp\/v2\/pages\/1301"}],"wp:attachment":[{"href":"https:\/\/www.lydieshouse.com\/fr\/wp-json\/wp\/v2\/media?parent=301"}],"curies":[{"name":"wp","href":"https:\/\/api.w.org\/{rel}","templated":true}]}}