{"id":305,"date":"2012-06-27T00:17:45","date_gmt":"2012-06-27T00:17:45","guid":{"rendered":"http:\/\/www.lydieshouse.com\/?page_id=305"},"modified":"2013-05-09T01:56:38","modified_gmt":"2013-05-09T01:56:38","slug":"isle-sur-la-sorgue","status":"publish","type":"page","link":"https:\/\/www.lydieshouse.com\/fr\/visit-provence\/beautiful-villages\/isle-sur-la-sorgue\/","title":{"rendered":"L&rsquo;Isle sur la Sorgue"},"content":{"rendered":"<p><\/p>\n<p>29km \/ 39min<\/p>\n<p>L\u2019Isle sur la Sorgue est situ\u00e9e entre Avignon et la vall\u00e9e du Luberon, \u00e0 quelques pas de Fontaine de Vaucluse.<\/p>\n<p>Color\u00e9e de vert et de reflets d\u2019eau, cette petite ville construite au 12<sup>e<\/sup> si\u00e8cle sur pilotis est travers\u00e9e par la Sorgue. Elle doit son surnom de \u00ab\u00a0Venise Comtadine\u00a0\u00bb aux nombreux canaux qui la parcourent et l\u2019entourent, enjamb\u00e9s de petits ponts et de grandes roues \u00e0 aubes moussues.<\/p>\n<p>Capitale proven\u00e7ale des Antiquaires et des Arts, c\u00e9l\u00e8bre pour ses 400 antiquaires et brocanteurs qui y exposent leurs tr\u00e9sors tout au long de l\u2019ann\u00e9e.<\/p>\n<p>March\u00e9 \u00e0 la brocante tous les dimanches.<\/p>\n<p>Les boutiques d\u2019antiquaires sont ouvertes principalement les samedis, dimanches, lundis et jours f\u00e9ri\u00e9s.<\/p>\n<p style=\"text-align: right;\"><a title=\"Isle-sur-Sorgue_Wikipedia\" href=\"http:\/\/fr.wikipedia.org\/wiki\/Isle-sur-Sorgue\" target=\"_blank\"><em>Isle sur la Sorgue sur Wikipedia<\/em><\/a><\/p>\n\n\t\t<style type=\"text\/css\">\n\t\t\t#gallery-2 {\n\t\t\t\tmargin: auto;\n\t\t\t}\n\t\t\t#gallery-2 .gallery-item {\n\t\t\t\tfloat: left;\n\t\t\t\tmargin-top: 10px;\n\t\t\t\ttext-align: center;\n\t\t\t\twidth: 20%;\n\t\t\t}\n\t\t\t#gallery-2 img {\n\t\t\t\tborder: 2px solid #cfcfcf;\n\t\t\t}\n\t\t\t#gallery-2 .gallery-caption {\n\t\t\t\tmargin-left: 0;\n\t\t\t}\n\t\t\t\/* see gallery_shortcode() in wp-includes\/media.php *\/\n\t\t<\/style>\n\t\t<div id='gallery-2' class='gallery galleryid-305 gallery-columns-5 gallery-size-thumbnail'><dl class='gallery-item'>\n\t\t\t<dt class='gallery-icon landscape'>\n\t\t\t\t<a href='https:\/\/www.lydieshouse.com\/fr\/visit-provence\/beautiful-villages\/isle-sur-la-sorgue\/isle-sur-la-sorgue_canal-village\/'><img loading=\"lazy\" decoding=\"async\" width=\"150\" height=\"150\" src=\"https:\/\/www.lydieshouse.com\/wp-content\/uploads\/2012\/11\/Isle-sur-la-Sorgue_Canal-Village-150x150.jpg\" class=\"attachment-thumbnail size-thumbnail\" alt=\"\" \/><\/a>\n\t\t\t<\/dt><\/dl><dl class='gallery-item'>\n\t\t\t<dt class='gallery-icon landscape'>\n\t\t\t\t<a href='https:\/\/www.lydieshouse.com\/fr\/visit-provence\/beautiful-villages\/isle-sur-la-sorgue\/isle-sur-la-sorgue_roue-1\/'><img loading=\"lazy\" decoding=\"async\" width=\"150\" height=\"150\" src=\"https:\/\/www.lydieshouse.com\/wp-content\/uploads\/2012\/11\/Isle-sur-la-Sorgue_Roue-1-150x150.jpg\" class=\"attachment-thumbnail size-thumbnail\" alt=\"\" \/><\/a>\n\t\t\t<\/dt><\/dl><dl class='gallery-item'>\n\t\t\t<dt class='gallery-icon landscape'>\n\t\t\t\t<a href='https:\/\/www.lydieshouse.com\/fr\/visit-provence\/beautiful-villages\/isle-sur-la-sorgue\/isle-sur-la-sorgue_roue-2\/'><img loading=\"lazy\" decoding=\"async\" width=\"150\" height=\"150\" src=\"https:\/\/www.lydieshouse.com\/wp-content\/uploads\/2012\/11\/Isle-sur-la-Sorgue_Roue-2-150x150.jpg\" class=\"attachment-thumbnail size-thumbnail\" alt=\"\" \/><\/a>\n\t\t\t<\/dt><\/dl><dl class='gallery-item'>\n\t\t\t<dt class='gallery-icon landscape'>\n\t\t\t\t<a href='https:\/\/www.lydieshouse.com\/fr\/visit-provence\/beautiful-villages\/isle-sur-la-sorgue\/isle-sur-la-sorgue_roue-canal\/'><img loading=\"lazy\" decoding=\"async\" width=\"150\" height=\"150\" src=\"https:\/\/www.lydieshouse.com\/wp-content\/uploads\/2012\/11\/Isle-sur-la-Sorgue_Roue-Canal-150x150.jpg\" class=\"attachment-thumbnail size-thumbnail\" alt=\"\" \/><\/a>\n\t\t\t<\/dt><\/dl><dl class='gallery-item'>\n\t\t\t<dt class='gallery-icon landscape'>\n\t\t\t\t<a href='https:\/\/www.lydieshouse.com\/fr\/visit-provence\/beautiful-villages\/isle-sur-la-sorgue\/isle-sur-la-sorgue_canal\/'><img loading=\"lazy\" decoding=\"async\" width=\"150\" height=\"150\" src=\"https:\/\/www.lydieshouse.com\/wp-content\/uploads\/2012\/11\/Isle-sur-la-Sorgue_Canal-150x150.jpg\" class=\"attachment-thumbnail size-thumbnail\" alt=\"\" \/><\/a>\n\t\t\t<\/dt><\/dl><br style=\"clear: both\" \/><dl class='gallery-item'>\n\t\t\t<dt class='gallery-icon landscape'>\n\t\t\t\t<a href='https:\/\/www.lydieshouse.com\/fr\/visit-provence\/beautiful-villages\/isle-sur-la-sorgue\/isle-sur-la-sorgue_antique-village\/'><img loading=\"lazy\" decoding=\"async\" width=\"150\" height=\"150\" src=\"https:\/\/www.lydieshouse.com\/wp-content\/uploads\/2012\/11\/Isle-sur-la-Sorgue_Antique-Village-150x150.jpg\" class=\"attachment-thumbnail size-thumbnail\" alt=\"\" \/><\/a>\n\t\t\t<\/dt><\/dl><dl class='gallery-item'>\n\t\t\t<dt class='gallery-icon landscape'>\n\t\t\t\t<a href='https:\/\/www.lydieshouse.com\/fr\/visit-provence\/beautiful-villages\/isle-sur-la-sorgue\/isle-sur-la-sorgue_antique\/'><img loading=\"lazy\" decoding=\"async\" width=\"150\" height=\"150\" src=\"https:\/\/www.lydieshouse.com\/wp-content\/uploads\/2012\/11\/Isle-sur-la-Sorgue_Antique-150x150.jpg\" class=\"attachment-thumbnail size-thumbnail\" alt=\"\" \/><\/a>\n\t\t\t<\/dt><\/dl>\n\t\t\t<br style='clear: both' \/>\n\t\t<\/div>\n\n<p><\/p>","protected":false},"excerpt":{"rendered":"<p>29km \/ 39min L\u2019Isle sur la Sorgue est situ\u00e9e entre Avignon et la vall\u00e9e du Luberon, \u00e0 quelques pas de Fontaine de Vaucluse. Color\u00e9e de vert et de reflets d\u2019eau, cette petite ville construite au 12e si\u00e8cle sur pilotis est &hellip; <a href=\"https:\/\/www.lydieshouse.com\/fr\/visit-provence\/beautiful-villages\/isle-sur-la-sorgue\/\">Continue reading <span class=\"meta-nav\">&rarr;<\/span><\/a><\/p>\n","protected":false},"author":1,"featured_media":0,"parent":1276,"menu_order":100,"comment_status":"closed","ping_status":"closed","template":"template-fullwidth.php","meta":{"footnotes":""},"_links":{"self":[{"href":"https:\/\/www.lydieshouse.com\/fr\/wp-json\/wp\/v2\/pages\/305"}],"collection":[{"href":"https:\/\/www.lydieshouse.com\/fr\/wp-json\/wp\/v2\/pages"}],"about":[{"href":"https:\/\/www.lydieshouse.com\/fr\/wp-json\/wp\/v2\/types\/page"}],"author":[{"embeddable":true,"href":"https:\/\/www.lydieshouse.com\/fr\/wp-json\/wp\/v2\/users\/1"}],"replies":[{"embeddable":true,"href":"https:\/\/www.lydieshouse.com\/fr\/wp-json\/wp\/v2\/comments?post=305"}],"version-history":[{"count":19,"href":"https:\/\/www.lydieshouse.com\/fr\/wp-json\/wp\/v2\/pages\/305\/revisions"}],"predecessor-version":[{"id":1293,"href":"https:\/\/www.lydieshouse.com\/fr\/wp-json\/wp\/v2\/pages\/305\/revisions\/1293"}],"up":[{"embeddable":true,"href":"https:\/\/www.lydieshouse.com\/fr\/wp-json\/wp\/v2\/pages\/1276"}],"wp:attachment":[{"href":"https:\/\/www.lydieshouse.com\/fr\/wp-json\/wp\/v2\/media?parent=305"}],"curies":[{"name":"wp","href":"https:\/\/api.w.org\/{rel}","templated":true}]}}