{"id":308,"date":"2012-06-27T00:18:39","date_gmt":"2012-06-27T00:18:39","guid":{"rendered":"http:\/\/www.lydieshouse.com\/?page_id=308"},"modified":"2014-05-16T21:53:57","modified_gmt":"2014-05-16T21:53:57","slug":"chateauneuf-du-pape","status":"publish","type":"page","link":"https:\/\/www.lydieshouse.com\/fr\/visit-provence\/beautiful-villages\/chateauneuf-du-pape\/","title":{"rendered":"Ch\u00e2teauneuf du Pape"},"content":{"rendered":"<p><\/p>\n<p>27km \/ 31min<\/p>\n<p><img loading=\"lazy\" decoding=\"async\" class=\"alignleft  wp-image-2346\" alt=\"Chateauneuf-du-Pape\" src=\"https:\/\/www.lydieshouse.com\/wp-content\/uploads\/2012\/06\/Chateauneuf-du-Pape.jpg\" width=\"847\" height=\"565\" \/><\/p>\n<p>Ancienne r\u00e9sidence d\u2019\u00e9t\u00e9 des Papes au 14<sup>e<\/sup> si\u00e8cle, ces derniers firent planter des vignes sur quelques arpents de terre.<\/p>\n<p>Aujourd\u2019hui, Ch\u00e2teauneuf du Pape est mondialement connu pour la qualit\u00e9 de son vin et ce sont des centaines d\u2019hectares qui sont entretenus autour du village. En fl\u00e2nant dans les ruelles vous aurez l\u2019occasion de gouter les nombreux mill\u00e9simes du vignoble.<\/p>\n<p>Que cela ne vous fasse pas oublier l\u2019int\u00e9r\u00eat historique du village\u00a0: le d\u00e9dale des ruelles et leurs passages \u00e9troits, les vestiges du Ch\u00e2teau des Papes et sa vue sur la vall\u00e9e du Rh\u00f4ne, les fontaines et la chapelle Saint Th\u00e9odoric.<\/p>\n<p style=\"text-align: right;\"><a title=\"Chateauneuf_du_Pape_Wikipedia\" href=\"http:\/\/fr.wikipedia.org\/wiki\/Ch%C3%A2teauneuf-du-Pape\" target=\"_blank\"><em>Ch\u00e2teauneuf\u00a0du Pape sur Wikipedia<\/em><\/a><\/p>\n<p style=\"text-align: right;\"><a title=\"Chateauneuf_du_Pape_AOC_Wikipedia\" href=\"http:\/\/fr.wikipedia.org\/wiki\/Ch%C3%A2teauneuf-du-pape_(AOC)\" target=\"_blank\"><em>Les vins de Ch\u00e2teauneuf\u00a0du Pape surWikipedia<\/em><\/a><\/p>\n<p><\/p>","protected":false},"excerpt":{"rendered":"<p>27km \/ 31min Ancienne r\u00e9sidence d\u2019\u00e9t\u00e9 des Papes au 14e si\u00e8cle, ces derniers firent planter des vignes sur quelques arpents de terre. Aujourd\u2019hui, Ch\u00e2teauneuf du Pape est mondialement connu pour la qualit\u00e9 de son vin et ce sont des centaines &hellip; <a href=\"https:\/\/www.lydieshouse.com\/fr\/visit-provence\/beautiful-villages\/chateauneuf-du-pape\/\">Continue reading <span class=\"meta-nav\">&rarr;<\/span><\/a><\/p>\n","protected":false},"author":1,"featured_media":0,"parent":1276,"menu_order":50,"comment_status":"closed","ping_status":"closed","template":"template-fullwidth.php","meta":{"footnotes":""},"_links":{"self":[{"href":"https:\/\/www.lydieshouse.com\/fr\/wp-json\/wp\/v2\/pages\/308"}],"collection":[{"href":"https:\/\/www.lydieshouse.com\/fr\/wp-json\/wp\/v2\/pages"}],"about":[{"href":"https:\/\/www.lydieshouse.com\/fr\/wp-json\/wp\/v2\/types\/page"}],"author":[{"embeddable":true,"href":"https:\/\/www.lydieshouse.com\/fr\/wp-json\/wp\/v2\/users\/1"}],"replies":[{"embeddable":true,"href":"https:\/\/www.lydieshouse.com\/fr\/wp-json\/wp\/v2\/comments?post=308"}],"version-history":[{"count":17,"href":"https:\/\/www.lydieshouse.com\/fr\/wp-json\/wp\/v2\/pages\/308\/revisions"}],"predecessor-version":[{"id":2349,"href":"https:\/\/www.lydieshouse.com\/fr\/wp-json\/wp\/v2\/pages\/308\/revisions\/2349"}],"up":[{"embeddable":true,"href":"https:\/\/www.lydieshouse.com\/fr\/wp-json\/wp\/v2\/pages\/1276"}],"wp:attachment":[{"href":"https:\/\/www.lydieshouse.com\/fr\/wp-json\/wp\/v2\/media?parent=308"}],"curies":[{"name":"wp","href":"https:\/\/api.w.org\/{rel}","templated":true}]}}