{"id":310,"date":"2012-06-27T00:18:59","date_gmt":"2012-06-27T00:18:59","guid":{"rendered":"http:\/\/www.lydieshouse.com\/?page_id=310"},"modified":"2014-07-02T05:06:34","modified_gmt":"2014-07-02T05:06:34","slug":"avignon","status":"publish","type":"page","link":"https:\/\/www.lydieshouse.com\/fr\/visit-provence\/unesco\/avignon\/","title":{"rendered":"Avignon"},"content":{"rendered":"<p><\/p>\n<p><a href=\"https:\/\/www.lydieshouse.com\/wp-content\/uploads\/2012\/06\/Barbentane_Avignon-Pont_SMALL.jpg\"><img loading=\"lazy\" decoding=\"async\" class=\"size-full wp-image-362 alignleft\" title=\"Avignon St Benezet Bridge\" src=\"https:\/\/www.lydieshouse.com\/wp-content\/uploads\/2012\/06\/Barbentane_Avignon-Pont_SMALL.jpg\" alt=\"\" width=\"396\" height=\"262\" srcset=\"https:\/\/www.lydieshouse.com\/wp-content\/uploads\/2012\/06\/Barbentane_Avignon-Pont_SMALL.jpg 396w, https:\/\/www.lydieshouse.com\/wp-content\/uploads\/2012\/06\/Barbentane_Avignon-Pont_SMALL-300x198.jpg 300w\" sizes=\"(max-width: 396px) 100vw, 396px\" \/><\/a><\/p>\n<p style=\"text-align: left;\">11km \/ 16min<\/p>\n<p>Bijou culturel de la Provence, Avignon l\u2019est autant pour son patrimoine que pour la richesse de sa vie artistique. Bord\u00e9e par le Rh\u00f4ne, entour\u00e9e par des remparts, elle est un endroit de pr\u00e9dilection pour revisiter l\u2019histoire des arts et de la religion.\n<\/p>\n<p>Parmi les lieux \u00e0 ne pas rater : le Palais des Papes dont la chambre du Pape et la <a href=\"http:\/\/fr.wikipedia.org\/wiki\/Matteo_Giovannetti\" target=\"_blank\">chapelle Saint-Martial<\/a>, l&rsquo;H\u00f4tel des Monnaies, les anciens remparts, la rue des Teinturiers, le Pont Saint-B\u00e9n\u00e9zet (Pont d&rsquo;Avignon) avec la chapelle Saint-B\u00e9n\u00e9zet et la chapelle Saint-Nicolas, la place Crillon, la place des Corps-Saints, le mus\u00e9e Calvet, le mus\u00e9e du Petit Palais, la Cath\u00e9drale Notre-Dame des Doms, le Jardin du Rocher des Doms, la Maison Jean Vilar, l&rsquo;Op\u00e9ra d&rsquo;Avignon, la chapelle des P\u00e9nitents Noirs (rue de la Banasterie)<\/p>\n<p style=\"text-align: right;\"><em>\u00a0<a title=\"Avignon_Wikipedia\" href=\"http:\/\/fr.wikipedia.org\/wiki\/Avignon\" target=\"_blank\">Avignon sur Wikipedia<\/a><\/em><\/p>\n<p style=\"text-align: center;\"><img loading=\"lazy\" decoding=\"async\" class=\"aligncenter  wp-image-2427\" alt=\"Avignon-trio\" src=\"https:\/\/www.lydieshouse.com\/wp-content\/uploads\/2012\/06\/Avignon-trio.jpg\" width=\"983\" height=\"225\" \/><\/p>\n<p><\/p>","protected":false},"excerpt":{"rendered":"<p>11km \/ 16min Bijou culturel de la Provence, Avignon l\u2019est autant pour son patrimoine que pour la richesse de sa vie artistique. Bord\u00e9e par le Rh\u00f4ne, entour\u00e9e par des remparts, elle est un endroit de pr\u00e9dilection pour revisiter l\u2019histoire des &hellip; <a href=\"https:\/\/www.lydieshouse.com\/fr\/visit-provence\/unesco\/avignon\/\">Continue reading <span class=\"meta-nav\">&rarr;<\/span><\/a><\/p>\n","protected":false},"author":1,"featured_media":0,"parent":1301,"menu_order":10,"comment_status":"closed","ping_status":"closed","template":"template-fullwidth.php","meta":{"footnotes":""},"_links":{"self":[{"href":"https:\/\/www.lydieshouse.com\/fr\/wp-json\/wp\/v2\/pages\/310"}],"collection":[{"href":"https:\/\/www.lydieshouse.com\/fr\/wp-json\/wp\/v2\/pages"}],"about":[{"href":"https:\/\/www.lydieshouse.com\/fr\/wp-json\/wp\/v2\/types\/page"}],"author":[{"embeddable":true,"href":"https:\/\/www.lydieshouse.com\/fr\/wp-json\/wp\/v2\/users\/1"}],"replies":[{"embeddable":true,"href":"https:\/\/www.lydieshouse.com\/fr\/wp-json\/wp\/v2\/comments?post=310"}],"version-history":[{"count":32,"href":"https:\/\/www.lydieshouse.com\/fr\/wp-json\/wp\/v2\/pages\/310\/revisions"}],"predecessor-version":[{"id":2500,"href":"https:\/\/www.lydieshouse.com\/fr\/wp-json\/wp\/v2\/pages\/310\/revisions\/2500"}],"up":[{"embeddable":true,"href":"https:\/\/www.lydieshouse.com\/fr\/wp-json\/wp\/v2\/pages\/1301"}],"wp:attachment":[{"href":"https:\/\/www.lydieshouse.com\/fr\/wp-json\/wp\/v2\/media?parent=310"}],"curies":[{"name":"wp","href":"https:\/\/api.w.org\/{rel}","templated":true}]}}