{"id":312,"date":"2012-06-27T00:19:23","date_gmt":"2012-06-27T00:19:23","guid":{"rendered":"http:\/\/www.lydieshouse.com\/?page_id=312"},"modified":"2014-05-16T22:49:27","modified_gmt":"2014-05-16T22:49:27","slug":"gordes","status":"publish","type":"page","link":"https:\/\/www.lydieshouse.com\/fr\/visit-provence\/beautiful-villages\/gordes\/","title":{"rendered":"Gordes"},"content":{"rendered":"<p><img loading=\"lazy\" decoding=\"async\" class=\"alignleft size-large wp-image-1616\" title=\"Gorde\" alt=\"\" src=\"https:\/\/www.lydieshouse.com\/wp-content\/uploads\/2013\/08\/Gorde-1024x768.jpg\" width=\"590\" height=\"442\" srcset=\"https:\/\/www.lydieshouse.com\/wp-content\/uploads\/2013\/08\/Gorde-1024x768.jpg 1024w, https:\/\/www.lydieshouse.com\/wp-content\/uploads\/2013\/08\/Gorde-300x225.jpg 300w, https:\/\/www.lydieshouse.com\/wp-content\/uploads\/2013\/08\/Gorde.jpg 2048w\" sizes=\"(max-width: 590px) 100vw, 590px\" \/>47km \/ 50min<\/p>\n<p>Magnifique village perch\u00e9 domin\u00e9 par son ch\u00e2teau forteresse et son \u00e9glise.<\/p>\n<p>Au d\u00e9tour des ruelles calad\u00e9es, vous d\u00e9couvrirez avec enchantement\u00a0: voutes, portes anciennes, fontaines, panoramas sur la vall\u00e9e et la montagne du Luberon.<\/p>\n<p style=\"text-align: right;\"><a title=\"Gordes_Wikipedia\" href=\"http:\/\/fr.wikipedia.org\/wiki\/Gordes\" target=\"_blank\"><em>Gordes sur Wikipedia<\/em><\/a><\/p>\n<p style=\"text-align: right;\"><img loading=\"lazy\" decoding=\"async\" class=\"alignleft size-full wp-image-2373\" alt=\"Gordes\" src=\"https:\/\/www.lydieshouse.com\/wp-content\/uploads\/2012\/06\/Gordes.jpg\" width=\"753\" height=\"250\" \/><\/p>\n<p><\/p>","protected":false},"excerpt":{"rendered":"<p>47km \/ 50min Magnifique village perch\u00e9 domin\u00e9 par son ch\u00e2teau forteresse et son \u00e9glise. Au d\u00e9tour des ruelles calad\u00e9es, vous d\u00e9couvrirez avec enchantement\u00a0: voutes, portes anciennes, fontaines, panoramas sur la vall\u00e9e et la montagne du Luberon. Gordes sur Wikipedia<\/p>\n","protected":false},"author":1,"featured_media":0,"parent":1276,"menu_order":90,"comment_status":"closed","ping_status":"closed","template":"template-fullwidth.php","meta":{"footnotes":""},"_links":{"self":[{"href":"https:\/\/www.lydieshouse.com\/fr\/wp-json\/wp\/v2\/pages\/312"}],"collection":[{"href":"https:\/\/www.lydieshouse.com\/fr\/wp-json\/wp\/v2\/pages"}],"about":[{"href":"https:\/\/www.lydieshouse.com\/fr\/wp-json\/wp\/v2\/types\/page"}],"author":[{"embeddable":true,"href":"https:\/\/www.lydieshouse.com\/fr\/wp-json\/wp\/v2\/users\/1"}],"replies":[{"embeddable":true,"href":"https:\/\/www.lydieshouse.com\/fr\/wp-json\/wp\/v2\/comments?post=312"}],"version-history":[{"count":26,"href":"https:\/\/www.lydieshouse.com\/fr\/wp-json\/wp\/v2\/pages\/312\/revisions"}],"predecessor-version":[{"id":2374,"href":"https:\/\/www.lydieshouse.com\/fr\/wp-json\/wp\/v2\/pages\/312\/revisions\/2374"}],"up":[{"embeddable":true,"href":"https:\/\/www.lydieshouse.com\/fr\/wp-json\/wp\/v2\/pages\/1276"}],"wp:attachment":[{"href":"https:\/\/www.lydieshouse.com\/fr\/wp-json\/wp\/v2\/media?parent=312"}],"curies":[{"name":"wp","href":"https:\/\/api.w.org\/{rel}","templated":true}]}}