{"id":316,"date":"2012-06-27T00:20:01","date_gmt":"2012-06-27T00:20:01","guid":{"rendered":"http:\/\/www.lydieshouse.com\/?page_id=316"},"modified":"2014-06-12T22:38:50","modified_gmt":"2014-06-12T22:38:50","slug":"camargue","status":"publish","type":"page","link":"https:\/\/www.lydieshouse.com\/fr\/visit-provence\/scenic-nature\/camargue\/","title":{"rendered":"Camargue"},"content":{"rendered":"<p>68km \/ 1h10min<\/p>\n<p><img loading=\"lazy\" decoding=\"async\" class=\"alignright  wp-image-2423\" alt=\"Saintes\" src=\"https:\/\/www.lydieshouse.com\/wp-content\/uploads\/2012\/06\/Saintes1.jpg\" width=\"904\" height=\"450\" \/><\/p>\n<p>Sauvage et secr\u00e8te, situ\u00e9e entre les deux bras du delta du Rh\u00f4ne et la mer M\u00e9diterran\u00e9e, la Camargue est une terre de passion et de tradition. D\u00e9vou\u00e9e \u00e0 la protection de la nature la Camargue est le paradis de nombreuses esp\u00e8ces animales et v\u00e9g\u00e9tales. Vous y c\u00f4toierez taureaux, chevaux, oiseaux et les flamants roses, symbole de la r\u00e9gion.<\/p>\n<p>Arles, les Saintes Maries de la Mer, plus \u00e0 l\u2019Ouest Aigues-Mortes raviront les amateurs de patrimoine, festivals et folklore.<\/p>\n<p style=\"text-align: center;\"><img loading=\"lazy\" decoding=\"async\" class=\"aligncenter  wp-image-2342\" alt=\"Camargues\" src=\"https:\/\/www.lydieshouse.com\/wp-content\/uploads\/2012\/06\/Camargues.jpg\" width=\"993\" height=\"227\" \/><\/p>\n<p style=\"text-align: right;\"><em>\u00a0<a title=\"Camargue_Wikipedia\" href=\"http:\/\/fr.wikipedia.org\/wiki\/Camargue\" target=\"_blank\">Camargue sur Wikipedia<\/a><\/em><\/p>\n<p><\/p>","protected":false},"excerpt":{"rendered":"<p>68km \/ 1h10min Sauvage et secr\u00e8te, situ\u00e9e entre les deux bras du delta du Rh\u00f4ne et la mer M\u00e9diterran\u00e9e, la Camargue est une terre de passion et de tradition. D\u00e9vou\u00e9e \u00e0 la protection de la nature la Camargue est le &hellip; <a href=\"https:\/\/www.lydieshouse.com\/fr\/visit-provence\/scenic-nature\/camargue\/\">Continue reading <span class=\"meta-nav\">&rarr;<\/span><\/a><\/p>\n","protected":false},"author":1,"featured_media":0,"parent":1284,"menu_order":40,"comment_status":"closed","ping_status":"closed","template":"template-fullwidth.php","meta":{"footnotes":""},"_links":{"self":[{"href":"https:\/\/www.lydieshouse.com\/fr\/wp-json\/wp\/v2\/pages\/316"}],"collection":[{"href":"https:\/\/www.lydieshouse.com\/fr\/wp-json\/wp\/v2\/pages"}],"about":[{"href":"https:\/\/www.lydieshouse.com\/fr\/wp-json\/wp\/v2\/types\/page"}],"author":[{"embeddable":true,"href":"https:\/\/www.lydieshouse.com\/fr\/wp-json\/wp\/v2\/users\/1"}],"replies":[{"embeddable":true,"href":"https:\/\/www.lydieshouse.com\/fr\/wp-json\/wp\/v2\/comments?post=316"}],"version-history":[{"count":27,"href":"https:\/\/www.lydieshouse.com\/fr\/wp-json\/wp\/v2\/pages\/316\/revisions"}],"predecessor-version":[{"id":2426,"href":"https:\/\/www.lydieshouse.com\/fr\/wp-json\/wp\/v2\/pages\/316\/revisions\/2426"}],"up":[{"embeddable":true,"href":"https:\/\/www.lydieshouse.com\/fr\/wp-json\/wp\/v2\/pages\/1284"}],"wp:attachment":[{"href":"https:\/\/www.lydieshouse.com\/fr\/wp-json\/wp\/v2\/media?parent=316"}],"curies":[{"name":"wp","href":"https:\/\/api.w.org\/{rel}","templated":true}]}}