{"id":320,"date":"2012-06-27T00:20:42","date_gmt":"2012-06-27T00:20:42","guid":{"rendered":"http:\/\/www.lydieshouse.com\/?page_id=320"},"modified":"2014-07-05T17:48:44","modified_gmt":"2014-07-05T17:48:44","slug":"menerbes","status":"publish","type":"page","link":"https:\/\/www.lydieshouse.com\/fr\/visit-provence\/beautiful-villages\/menerbes\/","title":{"rendered":"M\u00e9nerbes"},"content":{"rendered":"<p>44km \/ 45min<\/p>\n<p><img loading=\"lazy\" decoding=\"async\" class=\"alignleft\" alt=\"Menerbes\" src=\"https:\/\/www.lydieshouse.com\/wp-content\/uploads\/2012\/06\/Menerbes1.jpg\" width=\"583\" height=\"590\" \/><\/p>\n<p>Entour\u00e9 de vignes et de verdure, ce magnifique petit village est blotti au sommet d\u2019une colline, apportant s\u00e9r\u00e9nit\u00e9 et calme au passant.<\/p>\n<p>M\u00e9nerbes est un territoire habit\u00e9 d\u00e8s le n\u00e9olithique, sans discontinuit\u00e9 jusqu\u2019au Moyen Age.<\/p>\n<p>A l\u2019\u00e9poque romaine, plusieurs quartiers situ\u00e9s au bas du village \u00e9taient parsem\u00e9s de \u00ab\u00a0villae\u00a0\u00bb dont on a retrouv\u00e9 de nombreux vestiges.<\/p>\n<p style=\"text-align: right;\"><a title=\"Menerbes_Wikipedia\" href=\"http:\/\/fr.wikipedia.org\/wiki\/Menerbes\" target=\"_blank\"><em>M\u00e9nerbes sur Wikipedia<\/em><\/a><\/p>\n<p>Quelque chose d&rsquo;insolite \u00e0 d\u00e9couvrir \u00e0 Opp\u00e8de pr\u00e8s de M\u00e9nerbes dans une petite rue \u00e9troite sur le m\u00fbr d&rsquo;une maison priv\u00e9e, un <a href=\"http:\/\/fr.wikipedia.org\/wiki\/Carr%C3%A9_Sator\" target=\"_blank\">Carr\u00e9 Sator<\/a> sculpt\u00e9 dans la pierre.<br \/>\n<img loading=\"lazy\" decoding=\"async\" class=\"alignright  wp-image-2543\" alt=\"Oppede-sator-square\" src=\"https:\/\/www.lydieshouse.com\/wp-content\/uploads\/2012\/06\/Oppede-sator-square.jpg\" width=\"1036\" height=\"496\" \/><\/p>","protected":false},"excerpt":{"rendered":"<p>44km \/ 45min Entour\u00e9 de vignes et de verdure, ce magnifique petit village est blotti au sommet d\u2019une colline, apportant s\u00e9r\u00e9nit\u00e9 et calme au passant. M\u00e9nerbes est un territoire habit\u00e9 d\u00e8s le n\u00e9olithique, sans discontinuit\u00e9 jusqu\u2019au Moyen Age. A l\u2019\u00e9poque &hellip; <a href=\"https:\/\/www.lydieshouse.com\/fr\/visit-provence\/beautiful-villages\/menerbes\/\">Continue reading <span class=\"meta-nav\">&rarr;<\/span><\/a><\/p>\n","protected":false},"author":1,"featured_media":0,"parent":1276,"menu_order":120,"comment_status":"closed","ping_status":"closed","template":"template-fullwidth.php","meta":{"footnotes":""},"_links":{"self":[{"href":"https:\/\/www.lydieshouse.com\/fr\/wp-json\/wp\/v2\/pages\/320"}],"collection":[{"href":"https:\/\/www.lydieshouse.com\/fr\/wp-json\/wp\/v2\/pages"}],"about":[{"href":"https:\/\/www.lydieshouse.com\/fr\/wp-json\/wp\/v2\/types\/page"}],"author":[{"embeddable":true,"href":"https:\/\/www.lydieshouse.com\/fr\/wp-json\/wp\/v2\/users\/1"}],"replies":[{"embeddable":true,"href":"https:\/\/www.lydieshouse.com\/fr\/wp-json\/wp\/v2\/comments?post=320"}],"version-history":[{"count":23,"href":"https:\/\/www.lydieshouse.com\/fr\/wp-json\/wp\/v2\/pages\/320\/revisions"}],"predecessor-version":[{"id":2546,"href":"https:\/\/www.lydieshouse.com\/fr\/wp-json\/wp\/v2\/pages\/320\/revisions\/2546"}],"up":[{"embeddable":true,"href":"https:\/\/www.lydieshouse.com\/fr\/wp-json\/wp\/v2\/pages\/1276"}],"wp:attachment":[{"href":"https:\/\/www.lydieshouse.com\/fr\/wp-json\/wp\/v2\/media?parent=320"}],"curies":[{"name":"wp","href":"https:\/\/api.w.org\/{rel}","templated":true}]}}