{"id":322,"date":"2012-06-27T00:21:02","date_gmt":"2012-06-27T00:21:02","guid":{"rendered":"http:\/\/www.lydieshouse.com\/?page_id=322"},"modified":"2013-08-06T18:50:27","modified_gmt":"2013-08-06T18:50:27","slug":"mont-ventoux","status":"publish","type":"page","link":"https:\/\/www.lydieshouse.com\/fr\/visit-provence\/scenic-nature\/mont-ventoux\/","title":{"rendered":"Mont Ventoux"},"content":{"rendered":"<p><\/p>\n<p>57km \/ 60min<\/p>\n<p>Au pays du Mont Ventoux\u2026comme son nom l\u2019indique, ici le Mont Ventoux, le \u201cGeant de Provence\u201d, haut de ses 1912 m\u00e8tres y r\u00e8gne en ma\u00eetre.<\/p>\n<p>Montagne mythique dans l\u2019histoire de la Provence, de son sommet il fait d\u00e9couvrir l\u2019un des plus vastes panoramas d\u2019Europe, dominant la vall\u00e9e du Rh\u00f4ne, les Baronnies et le plateau de Vaucluse.<\/p>\n<p>Le Mont Ventoux pr\u00e9sente une vari\u00e9t\u00e9 de paysages et une v\u00e9g\u00e9tation variant en fonction de l\u2019altitude\u00a0: 400 genres floristiques, plus de 1000 esp\u00e8ces de plantes sur cinq \u00e9tages de v\u00e9g\u00e9tation observ\u00e9s entre 400 et 1900 m\u00e8tres. Reconnu par l\u2019UNESCO, il constitue une r\u00e9serve de biosph\u00e8re avec le label MAB.<\/p>\n<p style=\"text-align: right;\"><a title=\"Mont_Ventoux_Wikipedia\" href=\"http:\/\/fr.wikipedia.org\/wiki\/Mont_Ventoux\" target=\"_blank\"><em>Mont Ventoux sur Wikipedia<\/em><\/a><\/p>\n\n\t\t<style type=\"text\/css\">\n\t\t\t#gallery-2 {\n\t\t\t\tmargin: auto;\n\t\t\t}\n\t\t\t#gallery-2 .gallery-item {\n\t\t\t\tfloat: left;\n\t\t\t\tmargin-top: 10px;\n\t\t\t\ttext-align: center;\n\t\t\t\twidth: 25%;\n\t\t\t}\n\t\t\t#gallery-2 img {\n\t\t\t\tborder: 2px solid #cfcfcf;\n\t\t\t}\n\t\t\t#gallery-2 .gallery-caption {\n\t\t\t\tmargin-left: 0;\n\t\t\t}\n\t\t\t\/* see gallery_shortcode() in wp-includes\/media.php *\/\n\t\t<\/style>\n\t\t<div id='gallery-2' class='gallery galleryid-322 gallery-columns-4 gallery-size-thumbnail'><dl class='gallery-item'>\n\t\t\t<dt class='gallery-icon portrait'>\n\t\t\t\t<a href='https:\/\/www.lydieshouse.com\/fr\/visit-provence\/scenic-nature\/mont-ventoux\/mont-ventoux-1912m\/'><img loading=\"lazy\" decoding=\"async\" width=\"150\" height=\"150\" src=\"https:\/\/www.lydieshouse.com\/wp-content\/uploads\/2012\/06\/Mont-Ventoux-1912m-150x150.jpg\" class=\"attachment-thumbnail size-thumbnail\" alt=\"\" \/><\/a>\n\t\t\t<\/dt><\/dl><dl class='gallery-item'>\n\t\t\t<dt class='gallery-icon landscape'>\n\t\t\t\t<a href='https:\/\/www.lydieshouse.com\/fr\/visit-provence\/scenic-nature\/mont-ventoux\/mont-ventoux-vue\/'><img loading=\"lazy\" decoding=\"async\" width=\"150\" height=\"150\" src=\"https:\/\/www.lydieshouse.com\/wp-content\/uploads\/2012\/06\/Mont-Ventoux-Vue-150x150.jpg\" class=\"attachment-thumbnail size-thumbnail\" alt=\"\" \/><\/a>\n\t\t\t<\/dt><\/dl><dl class='gallery-item'>\n\t\t\t<dt class='gallery-icon landscape'>\n\t\t\t\t<a href='https:\/\/www.lydieshouse.com\/fr\/visit-provence\/scenic-nature\/mont-ventoux\/mont-ventoux-sommet\/'><img loading=\"lazy\" decoding=\"async\" width=\"150\" height=\"150\" src=\"https:\/\/www.lydieshouse.com\/wp-content\/uploads\/2012\/06\/Mont-Ventoux-Sommet-150x150.jpg\" class=\"attachment-thumbnail size-thumbnail\" alt=\"\" \/><\/a>\n\t\t\t<\/dt><\/dl><dl class='gallery-item'>\n\t\t\t<dt class='gallery-icon landscape'>\n\t\t\t\t<a href='https:\/\/www.lydieshouse.com\/fr\/visit-provence\/scenic-nature\/mont-ventoux\/mont-ventoux-lavandes\/'><img loading=\"lazy\" decoding=\"async\" width=\"150\" height=\"150\" src=\"https:\/\/www.lydieshouse.com\/wp-content\/uploads\/2012\/06\/Mont-Ventoux-Lavandes-150x150.jpg\" class=\"attachment-thumbnail size-thumbnail\" alt=\"\" \/><\/a>\n\t\t\t<\/dt><\/dl><br style=\"clear: both\" \/>\n\t\t<\/div>\n\n<p><\/p>","protected":false},"excerpt":{"rendered":"<p>57km \/ 60min Au pays du Mont Ventoux\u2026comme son nom l\u2019indique, ici le Mont Ventoux, le \u201cGeant de Provence\u201d, haut de ses 1912 m\u00e8tres y r\u00e8gne en ma\u00eetre. Montagne mythique dans l\u2019histoire de la Provence, de son sommet il fait &hellip; <a href=\"https:\/\/www.lydieshouse.com\/fr\/visit-provence\/scenic-nature\/mont-ventoux\/\">Continue reading <span class=\"meta-nav\">&rarr;<\/span><\/a><\/p>\n","protected":false},"author":1,"featured_media":0,"parent":1284,"menu_order":130,"comment_status":"closed","ping_status":"closed","template":"template-fullwidth.php","meta":{"footnotes":""},"_links":{"self":[{"href":"https:\/\/www.lydieshouse.com\/fr\/wp-json\/wp\/v2\/pages\/322"}],"collection":[{"href":"https:\/\/www.lydieshouse.com\/fr\/wp-json\/wp\/v2\/pages"}],"about":[{"href":"https:\/\/www.lydieshouse.com\/fr\/wp-json\/wp\/v2\/types\/page"}],"author":[{"embeddable":true,"href":"https:\/\/www.lydieshouse.com\/fr\/wp-json\/wp\/v2\/users\/1"}],"replies":[{"embeddable":true,"href":"https:\/\/www.lydieshouse.com\/fr\/wp-json\/wp\/v2\/comments?post=322"}],"version-history":[{"count":25,"href":"https:\/\/www.lydieshouse.com\/fr\/wp-json\/wp\/v2\/pages\/322\/revisions"}],"predecessor-version":[{"id":1639,"href":"https:\/\/www.lydieshouse.com\/fr\/wp-json\/wp\/v2\/pages\/322\/revisions\/1639"}],"up":[{"embeddable":true,"href":"https:\/\/www.lydieshouse.com\/fr\/wp-json\/wp\/v2\/pages\/1284"}],"wp:attachment":[{"href":"https:\/\/www.lydieshouse.com\/fr\/wp-json\/wp\/v2\/media?parent=322"}],"curies":[{"name":"wp","href":"https:\/\/api.w.org\/{rel}","templated":true}]}}