{"id":324,"date":"2012-06-27T00:21:21","date_gmt":"2012-06-27T00:21:21","guid":{"rendered":"http:\/\/www.lydieshouse.com\/?page_id=324"},"modified":"2013-05-09T02:10:21","modified_gmt":"2013-05-09T02:10:21","slug":"pont-du-gard","status":"publish","type":"page","link":"https:\/\/www.lydieshouse.com\/fr\/visit-provence\/unesco\/pont-du-gard\/","title":{"rendered":"Pont du Gard"},"content":{"rendered":"<p><\/p>\n<p><a href=\"https:\/\/www.lydieshouse.com\/wp-content\/uploads\/2012\/06\/Barbentane_Pont-du-Gard_SMALL.jpg\"><img loading=\"lazy\" decoding=\"async\" class=\"alignleft size-full wp-image-560\" title=\"Pont du Gard\" src=\"https:\/\/www.lydieshouse.com\/wp-content\/uploads\/2012\/06\/Barbentane_Pont-du-Gard_SMALL.jpg\" alt=\"\" width=\"400\" height=\"267\" srcset=\"https:\/\/www.lydieshouse.com\/wp-content\/uploads\/2012\/06\/Barbentane_Pont-du-Gard_SMALL.jpg 400w, https:\/\/www.lydieshouse.com\/wp-content\/uploads\/2012\/06\/Barbentane_Pont-du-Gard_SMALL-300x200.jpg 300w\" sizes=\"(max-width: 400px) 100vw, 400px\" \/><\/a>25km \/ 30min<\/p>\n<p>Le Pont du Gard, class\u00e9 patrimoine mondial de l\u2019UNESCO, est une portion d\u2019un aqueduc romain du 1er si\u00e8cle de notre \u00e8re am\u00e9nag\u00e9 en pont \u00e0 trois niveaux qui conduisait l\u2019eau d\u2019Uz\u00e8s \u00e0 N\u00eemes.<\/p>\n<p>Le pont \u00e0 pr\u00e8s de 49 m\u00e8tres de haut et 275 m\u00e8tres de long.<\/p>\n<p style=\"text-align: right;\"><a title=\"\/Pont_du_gard_Wikipedia\" href=\"http:\/\/fr.wikipedia.org\/wiki\/Pont_du_gard\" target=\"_blank\"><em>Pont du Gard sur Wikipedia<\/em><\/a><\/p>\n<p><\/p>","protected":false},"excerpt":{"rendered":"<p>25km \/ 30min Le Pont du Gard, class\u00e9 patrimoine mondial de l\u2019UNESCO, est une portion d\u2019un aqueduc romain du 1er si\u00e8cle de notre \u00e8re am\u00e9nag\u00e9 en pont \u00e0 trois niveaux qui conduisait l\u2019eau d\u2019Uz\u00e8s \u00e0 N\u00eemes. Le pont \u00e0 pr\u00e8s &hellip; <a href=\"https:\/\/www.lydieshouse.com\/fr\/visit-provence\/unesco\/pont-du-gard\/\">Continue reading <span class=\"meta-nav\">&rarr;<\/span><\/a><\/p>\n","protected":false},"author":1,"featured_media":0,"parent":1301,"menu_order":160,"comment_status":"closed","ping_status":"closed","template":"template-fullwidth.php","meta":{"footnotes":""},"_links":{"self":[{"href":"https:\/\/www.lydieshouse.com\/fr\/wp-json\/wp\/v2\/pages\/324"}],"collection":[{"href":"https:\/\/www.lydieshouse.com\/fr\/wp-json\/wp\/v2\/pages"}],"about":[{"href":"https:\/\/www.lydieshouse.com\/fr\/wp-json\/wp\/v2\/types\/page"}],"author":[{"embeddable":true,"href":"https:\/\/www.lydieshouse.com\/fr\/wp-json\/wp\/v2\/users\/1"}],"replies":[{"embeddable":true,"href":"https:\/\/www.lydieshouse.com\/fr\/wp-json\/wp\/v2\/comments?post=324"}],"version-history":[{"count":13,"href":"https:\/\/www.lydieshouse.com\/fr\/wp-json\/wp\/v2\/pages\/324\/revisions"}],"predecessor-version":[{"id":786,"href":"https:\/\/www.lydieshouse.com\/fr\/wp-json\/wp\/v2\/pages\/324\/revisions\/786"}],"up":[{"embeddable":true,"href":"https:\/\/www.lydieshouse.com\/fr\/wp-json\/wp\/v2\/pages\/1301"}],"wp:attachment":[{"href":"https:\/\/www.lydieshouse.com\/fr\/wp-json\/wp\/v2\/media?parent=324"}],"curies":[{"name":"wp","href":"https:\/\/api.w.org\/{rel}","templated":true}]}}