{"id":326,"date":"2012-06-27T00:21:37","date_gmt":"2012-06-27T00:21:37","guid":{"rendered":"http:\/\/www.lydieshouse.com\/?page_id=326"},"modified":"2014-05-12T23:49:34","modified_gmt":"2014-05-12T23:49:34","slug":"nimes","status":"publish","type":"page","link":"https:\/\/www.lydieshouse.com\/fr\/visit-provence\/unesco\/nimes\/","title":{"rendered":"N\u00eemes"},"content":{"rendered":"<p><\/p>\n<p>39km \/ 44min<\/p>\n<p><img loading=\"lazy\" decoding=\"async\" class=\"alignleft size-full wp-image-2333\" alt=\"Nimes\" src=\"https:\/\/www.lydieshouse.com\/wp-content\/uploads\/2012\/06\/Nimes.jpg\" width=\"1157\" height=\"361\" \/><\/p>\n<p>Ville d\u2019art, d\u2019histoire et de ferias, N\u00eemes a une origine antique. Charg\u00e9e d\u2019une culture et d\u2019une histoire particuli\u00e8rement riches, elle reste une ville \u00e0 forte identit\u00e9 et a \u00e9t\u00e9 promu Ville d\u2019Art et d\u2019Histoire.<\/p>\n<p>Aujourd\u2019hui N\u00eemes se remod\u00e8le en r\u00e9habilitant ses quartiers anciens et en se d\u00e9veloppant vers le sud. Elle confie ses projets d\u2019urbanisme et d\u2019architecture aux plus grands cr\u00e9ateurs internationaux. Ces r\u00e9alisations, dont la plus connue est le Carr\u00e9 d\u2019Art, r\u00e9alis\u00e9 par Norman Foster juste en face de la Maison Carr\u00e9e, ont suscit\u00e9 des pol\u00e9miques.<\/p>\n<p>A ne pas manquer\u00a0: Ar\u00e8nes, Maison Carr\u00e9e, Carr\u00e9 d\u2019Art, Jardins de la Fontaine, tour Magne, Catellum divisorium.<\/p>\n<p style=\"text-align: right;\"><a title=\"Nimes_Wikipedia\" href=\"http:\/\/fr.wikipedia.org\/wiki\/Nimes\" target=\"_blank\"><em>N\u00eemes\u00a0sur Wikipedia<\/em><\/a><\/p>\n<p><\/p>","protected":false},"excerpt":{"rendered":"<p>39km \/ 44min Ville d\u2019art, d\u2019histoire et de ferias, N\u00eemes a une origine antique. Charg\u00e9e d\u2019une culture et d\u2019une histoire particuli\u00e8rement riches, elle reste une ville \u00e0 forte identit\u00e9 et a \u00e9t\u00e9 promu Ville d\u2019Art et d\u2019Histoire. Aujourd\u2019hui N\u00eemes se &hellip; <a href=\"https:\/\/www.lydieshouse.com\/fr\/visit-provence\/unesco\/nimes\/\">Continue reading <span class=\"meta-nav\">&rarr;<\/span><\/a><\/p>\n","protected":false},"author":1,"featured_media":0,"parent":1301,"menu_order":150,"comment_status":"closed","ping_status":"closed","template":"template-fullwidth.php","meta":{"footnotes":""},"_links":{"self":[{"href":"https:\/\/www.lydieshouse.com\/fr\/wp-json\/wp\/v2\/pages\/326"}],"collection":[{"href":"https:\/\/www.lydieshouse.com\/fr\/wp-json\/wp\/v2\/pages"}],"about":[{"href":"https:\/\/www.lydieshouse.com\/fr\/wp-json\/wp\/v2\/types\/page"}],"author":[{"embeddable":true,"href":"https:\/\/www.lydieshouse.com\/fr\/wp-json\/wp\/v2\/users\/1"}],"replies":[{"embeddable":true,"href":"https:\/\/www.lydieshouse.com\/fr\/wp-json\/wp\/v2\/comments?post=326"}],"version-history":[{"count":16,"href":"https:\/\/www.lydieshouse.com\/fr\/wp-json\/wp\/v2\/pages\/326\/revisions"}],"predecessor-version":[{"id":2337,"href":"https:\/\/www.lydieshouse.com\/fr\/wp-json\/wp\/v2\/pages\/326\/revisions\/2337"}],"up":[{"embeddable":true,"href":"https:\/\/www.lydieshouse.com\/fr\/wp-json\/wp\/v2\/pages\/1301"}],"wp:attachment":[{"href":"https:\/\/www.lydieshouse.com\/fr\/wp-json\/wp\/v2\/media?parent=326"}],"curies":[{"name":"wp","href":"https:\/\/api.w.org\/{rel}","templated":true}]}}