{"id":328,"date":"2012-06-27T00:21:53","date_gmt":"2012-06-27T00:21:53","guid":{"rendered":"http:\/\/www.lydieshouse.com\/?page_id=328"},"modified":"2014-05-16T22:41:11","modified_gmt":"2014-05-16T22:41:11","slug":"baux-de-provence","status":"publish","type":"page","link":"https:\/\/www.lydieshouse.com\/fr\/visit-provence\/beautiful-villages\/baux-de-provence\/","title":{"rendered":"Baux de Provence"},"content":{"rendered":"<p><img loading=\"lazy\" decoding=\"async\" class=\"alignleft size-full wp-image-2229\" alt=\"Baux-de-Provence\" src=\"https:\/\/www.lydieshouse.com\/wp-content\/uploads\/2012\/06\/Baux-de-Provence.jpg\" width=\"680\" height=\"240\" \/>23km \/ 29min<\/p>\n<p>Situ\u00e9 sur un \u00e9peron rocheux de la chaine des Alpilles qui surplombe de 200 m\u00e8tres la campagne alentour, les Baux de Provence sont fiers d\u2019\u00eatre un des plus beaux villages de France. Les maisons du village \u00e9l\u00e8vent leurs toits de tuiles romaines roses ou gris-roses, rose-saumon ou beiges, et la pierre ancienne blanche se m\u00e9lange \u00e0 la v\u00e9g\u00e9tation m\u00e9diterran\u00e9enne en formant des contrastes saisissants.<\/p>\n<p>Le village est domin\u00e9 par une vaste forteresse m\u00e9di\u00e9vale, aujourd\u2019hui en ruines. Le plateau du Ch\u00e2teau offre un panorama splendide sur les vignes et les champs d\u2019oliviers jusqu&rsquo;\u00e0 la mer, qui a inspir\u00e9 de nombreux peintres tels C\u00e9zanne ou Van Gogh.<\/p>\n<p><img loading=\"lazy\" decoding=\"async\" src=\"https:\/\/www.lydieshouse.com\/wp-content\/uploads\/2012\/06\/Baux-de-Provence-2.jpg\" alt=\"Baux-de-Provence-2\" width=\"722\" height=\"239\" class=\"alignleft size-full wp-image-2370\" \/><\/p>\n<p>Ne manquez pas les \u00ab<a title=\"Carrieres de lumieres\" href=\"http:\/\/www.carrieres-lumieres.com\/fr\/home\" target=\"_blank\">\u00a0Carri\u00e8res de Lumi\u00e8res<\/a>\u00a0\u00bb, un spectacle permanent au cours duquel sont projet\u00e9s de grandes images lumineuses sur les parois de pierre de quelques-unes des immenses galeries creus\u00e9es dans le roc du Val d\u2019Enfer, sur la route de Maillane. La surface des parois s\u2019\u00e9tend sur 4000m2. Chaque ann\u00e9e est propos\u00e9 un th\u00e8me diff\u00e8rent.<\/p>\n<p>Pour l<a href=\"http:\/\/www.moulin-cornille.com\" target=\"_blank\">&lsquo;huile d&rsquo;olive AOC<\/a>\u00a0de la\u00a0vall\u00e9e\u00a0des Baux de Provence rendez vous \u00e0\u00a0Maussane.<\/p>\n<p style=\"text-align: right;\"><a title=\"Baux_de_Provence_Wikipedia\" href=\"http:\/\/fr.wikipedia.org\/wiki\/Baux_de_Provence\" target=\"_blank\"><em>Baux de Provence sur Wikipedia<\/em><\/a><\/p>\n<p><\/p>","protected":false},"excerpt":{"rendered":"<p>23km \/ 29min Situ\u00e9 sur un \u00e9peron rocheux de la chaine des Alpilles qui surplombe de 200 m\u00e8tres la campagne alentour, les Baux de Provence sont fiers d\u2019\u00eatre un des plus beaux villages de France. Les maisons du village \u00e9l\u00e8vent &hellip; <a href=\"https:\/\/www.lydieshouse.com\/fr\/visit-provence\/beautiful-villages\/baux-de-provence\/\">Continue reading <span class=\"meta-nav\">&rarr;<\/span><\/a><\/p>\n","protected":false},"author":1,"featured_media":0,"parent":1276,"menu_order":30,"comment_status":"closed","ping_status":"closed","template":"template-fullwidth.php","meta":{"footnotes":""},"_links":{"self":[{"href":"https:\/\/www.lydieshouse.com\/fr\/wp-json\/wp\/v2\/pages\/328"}],"collection":[{"href":"https:\/\/www.lydieshouse.com\/fr\/wp-json\/wp\/v2\/pages"}],"about":[{"href":"https:\/\/www.lydieshouse.com\/fr\/wp-json\/wp\/v2\/types\/page"}],"author":[{"embeddable":true,"href":"https:\/\/www.lydieshouse.com\/fr\/wp-json\/wp\/v2\/users\/1"}],"replies":[{"embeddable":true,"href":"https:\/\/www.lydieshouse.com\/fr\/wp-json\/wp\/v2\/comments?post=328"}],"version-history":[{"count":21,"href":"https:\/\/www.lydieshouse.com\/fr\/wp-json\/wp\/v2\/pages\/328\/revisions"}],"predecessor-version":[{"id":2372,"href":"https:\/\/www.lydieshouse.com\/fr\/wp-json\/wp\/v2\/pages\/328\/revisions\/2372"}],"up":[{"embeddable":true,"href":"https:\/\/www.lydieshouse.com\/fr\/wp-json\/wp\/v2\/pages\/1276"}],"wp:attachment":[{"href":"https:\/\/www.lydieshouse.com\/fr\/wp-json\/wp\/v2\/media?parent=328"}],"curies":[{"name":"wp","href":"https:\/\/api.w.org\/{rel}","templated":true}]}}