{"id":512,"date":"2012-06-28T01:03:50","date_gmt":"2012-06-28T01:03:50","guid":{"rendered":"http:\/\/www.lydieshouse.com\/?page_id=512"},"modified":"2013-01-28T03:07:22","modified_gmt":"2013-01-28T03:07:22","slug":"faq","status":"publish","type":"page","link":"https:\/\/www.lydieshouse.com\/fr\/the-house\/faq\/","title":{"rendered":"Questions\/R\u00e9ponses"},"content":{"rendered":"<p><\/p>\n<h4>Quels sont les horaires d\u2019arriv\u00e9e et de d\u00e9part ?<\/h4>\n<ul>\n<li>Heure d\u2019arriv\u00e9e\u00a0: 17h<\/li>\n<li>Heure de d\u00e9part\u00a0: 10h<\/li>\n<\/ul>\n<h4>Quelles sont les restrictions pour les fumeurs ?<\/h4>\n<ul>\n<li>La villa et la piscine sont strictement \u00a0<strong>NON FUMEUR<\/strong>.<\/li>\n<li><span style=\"color: #ff0000;\">En raison des risques d\u2019incendie si vous fumez o\u00f9 que ce soit dans le jardin assurez-vous de mettre tous vos m\u00e9gots de cigarettes dans un cendrier avec de l\u2019eau.<\/span><\/li>\n<\/ul>\n<h4>Comment la s\u00e9curit\u00e9 est-elle assur\u00e9e ?<\/h4>\n<p>La maison est s\u00e9curis\u00e9e \u00e0 l\u2019int\u00e9rieur et \u00e0 l\u2019ext\u00e9rieur :<\/p>\n<ul>\n<li>Portail d\u2019entr\u00e9e coulissant motoris\u00e9<\/li>\n<li>Hauts murs de cl\u00f4ture, mur et grillage tout autour de la propri\u00e9t\u00e9.<\/li>\n<li>Volets pour chaque fen\u00eatre de la villa (barreaux pour les petites fen\u00eatres)<\/li>\n<li>D\u00e9tecteurs de fum\u00e9e dans la villa<\/li>\n<li>D\u00e9tecteur de monoxyde de carbone dans la villa<\/li>\n<li>Couverture de s\u00e9curit\u00e9 homologu\u00e9e pour la piscine<\/li>\n<\/ul>\n<p><span style=\"color: #ff0000;\">S\u00e9curit\u00e9 incendie sp\u00e9cifique \u00e0 la zone de la Montagnette:<\/span><\/p>\n<ul>\n<li><span style=\"color: #ff0000;\">En \u00e9t\u00e9 tous les feux, y compris les BBQ, sont interdits par arr\u00eat\u00e9 municipal (une plancha \u00e9lectrique de table est mise \u00e0 votre disposition)<\/span><\/li>\n<li><span style=\"color: #ff0000;\">Si vous fumez o\u00f9 que ce soit dans le jardin assurez-vous de mettre tous vos m\u00e9gots de cigarettes dans un cendrier avec de l\u2019eau.<\/span><\/li>\n<\/ul>\n<h4>Mon chien est-il accepte dans la maison ?<\/h4>\n<ul>\n<li>Les animaux de compagnie sont les bienvenus dans la maison mais sous certaines conditions afin de pr\u00e9server l\u2019environnement naturel et le voisinage.<\/li>\n<li>Les animaux de compagnie ne doivent pas \u00eatre laiss\u00e9s seuls dans la villa.<\/li>\n<li>Merci de nous contacter avec les informations d\u00e9taill\u00e9es concernant votre animal de compagnie.<\/li>\n<\/ul>\n<h4>La maison est-elle accessible aux personnes handicap\u00e9es ?<\/h4>\n<ul>\n<li>Des escaliers dans la maison et dans le jardin ne permettent pas l\u2019acc\u00e8s \u00e0\u00a0des personnes en fauteuil roulant.<\/li>\n<\/ul>\n<h4>Pourquoi le Grand\u00a0M\u00e9nage\u00a0de fin de\u00a0s\u00e9jour\u00a0est-il obligatoire ?<\/h4>\n<ul>\n<li>En fin de\u00a0s\u00e9jour\u00a0la maison doit\u00a0\u00eatre\u00a0laiss\u00e9e\u00a0propre et\u00a0rang\u00e9e\u00a0par les locataires et les poubelles doivent\u00a0\u00eatre\u00a0sorties.<\/li>\n<li>Le Grand\u00a0M\u00e9nage\u00a0de fin de\u00a0s\u00e9jour\u00a0inclus la\u00a0d\u00e9sinfection\u00a0des salles d&rsquo;eau, sanitaires, cuisines,\u00a0r\u00e9frig\u00e9rateurs, sols et poubelles.<\/li>\n<li><span style=\"color: #ff0000;\">Le Grand\u00a0M\u00e9nage\u00a0de fin de\u00a0s\u00e9jour\u00a0vous assure et assure le prochain locataire que la maison est parfaitement propre.<\/span><\/li>\n<\/ul>\n<p><\/p>","protected":false},"excerpt":{"rendered":"<p>Quels sont les horaires d\u2019arriv\u00e9e et de d\u00e9part ? Heure d\u2019arriv\u00e9e\u00a0: 17h Heure de d\u00e9part\u00a0: 10h Quelles sont les restrictions pour les fumeurs ? La villa et la piscine sont strictement \u00a0NON FUMEUR. En raison des risques d\u2019incendie si vous &hellip; <a href=\"https:\/\/www.lydieshouse.com\/fr\/the-house\/faq\/\">Continue reading <span class=\"meta-nav\">&rarr;<\/span><\/a><\/p>\n","protected":false},"author":1,"featured_media":0,"parent":481,"menu_order":55,"comment_status":"closed","ping_status":"closed","template":"template-fullwidth.php","meta":{"footnotes":""},"_links":{"self":[{"href":"https:\/\/www.lydieshouse.com\/fr\/wp-json\/wp\/v2\/pages\/512"}],"collection":[{"href":"https:\/\/www.lydieshouse.com\/fr\/wp-json\/wp\/v2\/pages"}],"about":[{"href":"https:\/\/www.lydieshouse.com\/fr\/wp-json\/wp\/v2\/types\/page"}],"author":[{"embeddable":true,"href":"https:\/\/www.lydieshouse.com\/fr\/wp-json\/wp\/v2\/users\/1"}],"replies":[{"embeddable":true,"href":"https:\/\/www.lydieshouse.com\/fr\/wp-json\/wp\/v2\/comments?post=512"}],"version-history":[{"count":19,"href":"https:\/\/www.lydieshouse.com\/fr\/wp-json\/wp\/v2\/pages\/512\/revisions"}],"predecessor-version":[{"id":670,"href":"https:\/\/www.lydieshouse.com\/fr\/wp-json\/wp\/v2\/pages\/512\/revisions\/670"}],"up":[{"embeddable":true,"href":"https:\/\/www.lydieshouse.com\/fr\/wp-json\/wp\/v2\/pages\/481"}],"wp:attachment":[{"href":"https:\/\/www.lydieshouse.com\/fr\/wp-json\/wp\/v2\/media?parent=512"}],"curies":[{"name":"wp","href":"https:\/\/api.w.org\/{rel}","templated":true}]}}