{"id":634,"date":"2012-06-30T02:10:33","date_gmt":"2012-06-30T02:10:33","guid":{"rendered":"http:\/\/www.lydieshouse.com\/?page_id=634"},"modified":"2015-03-21T00:18:51","modified_gmt":"2015-03-21T00:18:51","slug":"events-calendar","status":"publish","type":"page","link":"https:\/\/www.lydieshouse.com\/fr\/visit-provence\/events-calendar\/","title":{"rendered":"Calendrier 2015"},"content":{"rendered":"<p>Une s\u00e9lection de F\u00eates, Festivals, Feria, Expositions, Spectacles, March\u00e9s<\/p>\n<p><a title=\"January\" href=\"https:\/\/www.lydieshouse.com\/fr\/visit-provence\/events-calendar\/january\/\"><img loading=\"lazy\" decoding=\"async\" class=\"alignleft  wp-image-2040\" alt=\"Janvier\" src=\"https:\/\/www.lydieshouse.com\/wp-content\/uploads\/2012\/06\/Janvier.jpg\" width=\"113\" height=\"128\" \/><\/a><\/p>\n<p><a title=\"February\" href=\"https:\/\/www.lydieshouse.com\/fr\/visit-provence\/events-calendar\/february\/\"><img loading=\"lazy\" decoding=\"async\" class=\"alignleft  wp-image-2039\" alt=\"Fevrier\" src=\"https:\/\/www.lydieshouse.com\/wp-content\/uploads\/2012\/06\/Fevrier.jpg\" width=\"114\" height=\"128\" \/><\/a><\/p>\n<p><a title=\"March\" href=\"https:\/\/www.lydieshouse.com\/fr\/visit-provence\/events-calendar\/march\/\"><img loading=\"lazy\" decoding=\"async\" class=\"alignleft  wp-image-2044\" alt=\"Mars\" src=\"https:\/\/www.lydieshouse.com\/wp-content\/uploads\/2012\/06\/Mars.jpg\" width=\"113\" height=\"128\" \/><\/a><\/p>\n<p><a title=\"April\" href=\"https:\/\/www.lydieshouse.com\/fr\/visit-provence\/events-calendar\/april\/\"><img loading=\"lazy\" decoding=\"async\" class=\"alignleft  wp-image-2037\" alt=\"Avril\" src=\"https:\/\/www.lydieshouse.com\/wp-content\/uploads\/2012\/06\/Avril.jpg\" width=\"113\" height=\"128\" \/><\/a><\/p>\n<p><a title=\"May\" href=\"https:\/\/www.lydieshouse.com\/fr\/visit-provence\/events-calendar\/may\/\"><img loading=\"lazy\" decoding=\"async\" class=\"alignleft  wp-image-2043\" alt=\"mai\" src=\"https:\/\/www.lydieshouse.com\/wp-content\/uploads\/2012\/06\/mai.jpg\" width=\"113\" height=\"128\" \/><\/a><\/p>\n<p><a title=\"June\" href=\"https:\/\/www.lydieshouse.com\/fr\/visit-provence\/events-calendar\/june\/\"><img loading=\"lazy\" decoding=\"async\" class=\"alignleft  wp-image-2042\" alt=\"juin\" src=\"https:\/\/www.lydieshouse.com\/wp-content\/uploads\/2012\/06\/juin.jpg\" width=\"113\" height=\"128\" \/><\/a><\/p>\n<p><a title=\"July\" href=\"https:\/\/www.lydieshouse.com\/fr\/visit-provence\/events-calendar\/july\/\"><img loading=\"lazy\" decoding=\"async\" class=\"alignleft  wp-image-2041\" alt=\"juillet\" src=\"https:\/\/www.lydieshouse.com\/wp-content\/uploads\/2012\/06\/juillet.jpg\" width=\"113\" height=\"128\" \/><\/a><\/p>\n<p><a title=\"August\" href=\"https:\/\/www.lydieshouse.com\/fr\/visit-provence\/events-calendar\/august\/\"><img loading=\"lazy\" decoding=\"async\" class=\"alignleft  wp-image-2036\" alt=\"aout\" src=\"https:\/\/www.lydieshouse.com\/wp-content\/uploads\/2012\/06\/aout.jpg\" width=\"113\" height=\"128\" \/><\/a><\/p>\n<p><a title=\"September\" href=\"https:\/\/www.lydieshouse.com\/fr\/visit-provence\/events-calendar\/september\/\"><img loading=\"lazy\" decoding=\"async\" class=\"alignleft  wp-image-2047\" alt=\"septembre\" src=\"https:\/\/www.lydieshouse.com\/wp-content\/uploads\/2012\/06\/septembre.jpg\" width=\"114\" height=\"128\" \/><\/a><\/p>\n<p><a title=\"October\" href=\"https:\/\/www.lydieshouse.com\/fr\/visit-provence\/events-calendar\/october\/\"><img loading=\"lazy\" decoding=\"async\" class=\"alignleft  wp-image-2046\" alt=\"octobre\" src=\"https:\/\/www.lydieshouse.com\/wp-content\/uploads\/2012\/06\/octobre.jpg\" width=\"113\" height=\"128\" \/><\/a><\/p>\n<p><a title=\"November\" href=\"https:\/\/www.lydieshouse.com\/fr\/visit-provence\/events-calendar\/november\/\"><img loading=\"lazy\" decoding=\"async\" class=\"alignleft  wp-image-2045\" alt=\"novembre\" src=\"https:\/\/www.lydieshouse.com\/wp-content\/uploads\/2012\/06\/novembre.jpg\" width=\"114\" height=\"128\" \/><\/a><\/p>\n<p><a title=\"December\" href=\"https:\/\/www.lydieshouse.com\/fr\/visit-provence\/events-calendar\/december\/\"><img loading=\"lazy\" decoding=\"async\" class=\"alignleft  wp-image-2038\" alt=\"decembre\" src=\"https:\/\/www.lydieshouse.com\/wp-content\/uploads\/2012\/06\/decembre.jpg\" width=\"114\" height=\"128\" \/><\/a><\/p>","protected":false},"excerpt":{"rendered":"<p>Une s\u00e9lection de F\u00eates, Festivals, Feria, Expositions, Spectacles, March\u00e9s<\/p>\n","protected":false},"author":1,"featured_media":0,"parent":235,"menu_order":5,"comment_status":"closed","ping_status":"closed","template":"template-fullwidth.php","meta":{"footnotes":""},"_links":{"self":[{"href":"https:\/\/www.lydieshouse.com\/fr\/wp-json\/wp\/v2\/pages\/634"}],"collection":[{"href":"https:\/\/www.lydieshouse.com\/fr\/wp-json\/wp\/v2\/pages"}],"about":[{"href":"https:\/\/www.lydieshouse.com\/fr\/wp-json\/wp\/v2\/types\/page"}],"author":[{"embeddable":true,"href":"https:\/\/www.lydieshouse.com\/fr\/wp-json\/wp\/v2\/users\/1"}],"replies":[{"embeddable":true,"href":"https:\/\/www.lydieshouse.com\/fr\/wp-json\/wp\/v2\/comments?post=634"}],"version-history":[{"count":25,"href":"https:\/\/www.lydieshouse.com\/fr\/wp-json\/wp\/v2\/pages\/634\/revisions"}],"predecessor-version":[{"id":2675,"href":"https:\/\/www.lydieshouse.com\/fr\/wp-json\/wp\/v2\/pages\/634\/revisions\/2675"}],"up":[{"embeddable":true,"href":"https:\/\/www.lydieshouse.com\/fr\/wp-json\/wp\/v2\/pages\/235"}],"wp:attachment":[{"href":"https:\/\/www.lydieshouse.com\/fr\/wp-json\/wp\/v2\/media?parent=634"}],"curies":[{"name":"wp","href":"https:\/\/api.w.org\/{rel}","templated":true}]}}