{"id":72,"date":"2012-03-29T23:08:44","date_gmt":"2012-03-29T23:08:44","guid":{"rendered":"http:\/\/www.lydieshouse.com\/?page_id=72"},"modified":"2015-04-15T20:58:13","modified_gmt":"2015-04-15T20:58:13","slug":"services-and-activities","status":"publish","type":"page","link":"https:\/\/www.lydieshouse.com\/fr\/","title":{"rendered":"Services &#038; Activit\u00e9s"},"content":{"rendered":"<p><\/p>\n<h4>Services inclus dans la location de la maison<\/h4>\n<ul>\n<li>Linge de lit complet<\/li>\n<li>Serviettes de toilette<\/li>\n<li>Torchons de cuisine<\/li>\n<li>S\u00e8ches cheveux<\/li>\n<li>Lave vaisselle<\/li>\n<li>Lave linge<\/li>\n<li>S\u00e8che linge<\/li>\n<li> Deux Chaises haute<\/li>\n<li>Deux Lits parapluie<\/li>\n<li>Nettoyage de la piscine tous les deux jours (Lundi, Mercredi, Vendredi : 7h-8h). Une \u00e9puisette est laiss\u00e9e \u00e0 disposition.<\/li>\n<\/ul>\n<h4>Services non inclus dans la location de la maison<\/h4>\n<ul>\n<li>Grand m\u00e9nage de fin de s\u00e9jour de la villa (suppl\u00e9ment obligatoire : 90 euros)<\/li>\n<li>Electricit\u00e9\u00a0et Gaz\u00a0\u00a0\u00e0 payer en fin de s\u00e9jour\u00a0(du 1er Octobre au 30 Avril)<\/li>\n<\/ul>\n<h4>Activit\u00e9s &amp; services disponibles au village et \u00e0 proximit\u00e9<\/h4>\n<h5>Alimentation<\/h5>\n<ul>\n<li>Boulangerie &amp;\u00a0P\u00e2tisserie\u00a0: 1.5km<\/li>\n<li>Fruits, l\u00e9gumes et fromages de la r\u00e9gion : 1.5km<\/li>\n<li>Boucherie : 1.8km<\/li>\n<li>Supermarch\u00e9 : 3km<\/li>\n<\/ul>\n<h5>Restaurant<\/h5>\n<ul>\n<li>Pizzeria restaurant et \u00e0 emporter\u00a0: 1.5km<\/li>\n<li>Restaurants: 1.8km<\/li>\n<\/ul>\n<h5>Sant\u00e9<\/h5>\n<ul>\n<li>Pharmacie : 1.5km<\/li>\n<li>Docteur g\u00e9n\u00e9raliste : 1.5km<\/li>\n<li>P\u00e9diatre : 1.5km<\/li>\n<li>Infirmi\u00e8re : 0.5km<\/li>\n<li>H\u00f4pital\u00a0: 8km<\/li>\n<\/ul>\n<h5>Autres<\/h5>\n<ul>\n<li>Salon de coiffure : 1.5km<\/li>\n<li>Bureau de tabac et presse : 1.5km<\/li>\n<li>Banque : 2.3km (en voiture) \/ 1km (\u00e0 pieds)<\/li>\n<li>Distributeur de billets : 2.3km (en voiture) \/ 1km (\u00e0 pieds)<\/li>\n<li>Bureau de Poste : 2.5km (en voiture) \/ 1km (\u00e0 pieds)<\/li>\n<li>Station service : 3km<\/li>\n<li>Cin\u00e9mas : 8km (cin\u00e9ma Utopia, Avignon, pour des films en version originale sous titr\u00e9s \/ plusieurs autres cin\u00e9mas \u00e0 Avignon)<\/li>\n<\/ul>\n<h5>Sports<\/h5>\n<ul>\n<li>Randonn\u00e9es\u00a0cheval et poney : 4,8km (Barbentane, Les\u00a0\u00e9curies\u00a0de la Montagnette)<\/li>\n<li>Club de Golf : 3.6km (Barbentane Lou Compact) \/ 19km (Grand Avignon)<\/li>\n<li>Skate park: 300m (Barbentane)<\/li>\n<li>Tennis : 12.5km (Avignon)<\/li>\n<li>Bowling : 12.5km (Avignon)<\/li>\n<li>Patinoire : 13km (Avignon)<\/li>\n<\/ul>\n<p><\/p>","protected":false},"excerpt":{"rendered":"<p>Services inclus dans la location de la maison Linge de lit complet Serviettes de toilette Torchons de cuisine S\u00e8ches cheveux Lave vaisselle Lave linge S\u00e8che linge Deux Chaises haute Deux Lits parapluie Nettoyage de la piscine tous les deux jours &hellip; <a href=\"https:\/\/www.lydieshouse.com\/fr\/\">Continue reading <span class=\"meta-nav\">&rarr;<\/span><\/a><\/p>\n","protected":false},"author":1,"featured_media":0,"parent":0,"menu_order":20,"comment_status":"closed","ping_status":"closed","template":"template-fullwidth.php","meta":{"footnotes":""},"_links":{"self":[{"href":"https:\/\/www.lydieshouse.com\/fr\/wp-json\/wp\/v2\/pages\/72"}],"collection":[{"href":"https:\/\/www.lydieshouse.com\/fr\/wp-json\/wp\/v2\/pages"}],"about":[{"href":"https:\/\/www.lydieshouse.com\/fr\/wp-json\/wp\/v2\/types\/page"}],"author":[{"embeddable":true,"href":"https:\/\/www.lydieshouse.com\/fr\/wp-json\/wp\/v2\/users\/1"}],"replies":[{"embeddable":true,"href":"https:\/\/www.lydieshouse.com\/fr\/wp-json\/wp\/v2\/comments?post=72"}],"version-history":[{"count":35,"href":"https:\/\/www.lydieshouse.com\/fr\/wp-json\/wp\/v2\/pages\/72\/revisions"}],"predecessor-version":[{"id":2728,"href":"https:\/\/www.lydieshouse.com\/fr\/wp-json\/wp\/v2\/pages\/72\/revisions\/2728"}],"wp:attachment":[{"href":"https:\/\/www.lydieshouse.com\/fr\/wp-json\/wp\/v2\/media?parent=72"}],"curies":[{"name":"wp","href":"https:\/\/api.w.org\/{rel}","templated":true}]}}